{"id":1191,"date":"2025-01-03T11:48:17","date_gmt":"2025-01-03T11:48:17","guid":{"rendered":"https:\/\/canaryyachtservices.com\/nota-legale-e-condizioni-duso\/"},"modified":"2025-01-23T11:30:39","modified_gmt":"2025-01-23T11:30:39","slug":"nota-legale-e-condizioni-duso","status":"publish","type":"page","link":"https:\/\/canaryyachtservices.com\/it\/nota-legale-e-condizioni-duso\/","title":{"rendered":"Avviso-legale"},"content":{"rendered":"\t\t<div data-elementor-type=\"wp-page\" data-elementor-id=\"1191\" class=\"elementor elementor-1191\" data-elementor-post-type=\"page\">\n\t\t\t\t\t\t<section class=\"elementor-section elementor-top-section elementor-element elementor-element-cd49bc9 elementor-section-boxed elementor-section-height-default elementor-section-height-default\" data-id=\"cd49bc9\" data-element_type=\"section\" data-e-type=\"section\" data-settings=\"{&quot;background_background&quot;:&quot;classic&quot;,&quot;background_motion_fx_motion_fx_scrolling&quot;:&quot;yes&quot;,&quot;background_motion_fx_translateY_effect&quot;:&quot;yes&quot;,&quot;background_motion_fx_translateY_direction&quot;:&quot;negative&quot;,&quot;background_motion_fx_translateY_speed&quot;:{&quot;unit&quot;:&quot;px&quot;,&quot;size&quot;:10,&quot;sizes&quot;:[]},&quot;background_motion_fx_translateY_affectedRange&quot;:{&quot;unit&quot;:&quot;%&quot;,&quot;size&quot;:&quot;&quot;,&quot;sizes&quot;:{&quot;start&quot;:0,&quot;end&quot;:100}},&quot;background_motion_fx_devices&quot;:[&quot;desktop&quot;,&quot;tablet&quot;,&quot;mobile&quot;]}\">\n\t\t\t\t\t\t\t<div class=\"elementor-background-overlay\"><\/div>\n\t\t\t\t\t\t\t<div class=\"elementor-container elementor-column-gap-default\">\n\t\t\t\t\t<div class=\"elementor-column elementor-col-100 elementor-top-column elementor-element elementor-element-42199a1c\" data-id=\"42199a1c\" data-element_type=\"column\" data-e-type=\"column\">\n\t\t\t<div class=\"elementor-widget-wrap elementor-element-populated\">\n\t\t\t\t\t\t<section class=\"elementor-section elementor-inner-section elementor-element elementor-element-7438fc60 elementor-section-content-middle elementor-section-boxed elementor-section-height-default elementor-section-height-default\" data-id=\"7438fc60\" data-element_type=\"section\" data-e-type=\"section\">\n\t\t\t\t\t\t<div class=\"elementor-container elementor-column-gap-default\">\n\t\t\t\t\t<div class=\"elementor-column elementor-col-100 elementor-inner-column elementor-element elementor-element-54cfba3c elementor-invisible\" data-id=\"54cfba3c\" data-element_type=\"column\" data-e-type=\"column\" data-settings=\"{&quot;animation&quot;:&quot;fadeInLeft&quot;}\">\n\t\t\t<div class=\"elementor-widget-wrap elementor-element-populated\">\n\t\t\t\t\t\t<div class=\"elementor-element elementor-element-1d772923 elementor-widget elementor-widget-heading\" data-id=\"1d772923\" data-element_type=\"widget\" data-e-type=\"widget\" data-widget_type=\"heading.default\">\n\t\t\t\t<div class=\"elementor-widget-container\">\n\t\t\t\t\t<div class=\"elementor-heading-title elementor-size-default\">Avviso-legale<\/div>\t\t\t\t<\/div>\n\t\t\t\t<\/div>\n\t\t\t\t\t<\/div>\n\t\t<\/div>\n\t\t\t\t\t<\/div>\n\t\t<\/section>\n\t\t\t\t\t<\/div>\n\t\t<\/div>\n\t\t\t\t\t<\/div>\n\t\t<\/section>\n\t\t\t\t<section class=\"elementor-section elementor-top-section elementor-element elementor-element-ed0be14 elementor-section-boxed elementor-section-height-default elementor-section-height-default\" data-id=\"ed0be14\" data-element_type=\"section\" data-e-type=\"section\">\n\t\t\t\t\t\t<div class=\"elementor-container elementor-column-gap-default\">\n\t\t\t\t\t<div class=\"elementor-column elementor-col-100 elementor-top-column elementor-element elementor-element-58148e13\" data-id=\"58148e13\" data-element_type=\"column\" data-e-type=\"column\">\n\t\t\t<div class=\"elementor-widget-wrap elementor-element-populated\">\n\t\t\t\t\t\t<div class=\"elementor-element elementor-element-970df54 elementor-widget elementor-widget-text-editor\" data-id=\"970df54\" data-element_type=\"widget\" data-e-type=\"widget\" data-widget_type=\"text-editor.default\">\n\t\t\t\t<div class=\"elementor-widget-container\">\n\t\t\t\t\t\t\t\t\t<h4>Avviso legale e condizioni generali di utilizzo<\/h4>\n<h4><b>www.canaryyachtservices.com<\/b><\/h4>\n<h3><b>I. INFORMAZIONI GENERALI<\/b><\/h3>\n<p><span style=\"font-weight: 400;\">In ottemperanza all&#8217;obbligo di informazione previsto dalla Legge 34\/2002 sui Servizi della Societ\u00e0 dell&#8217;Informazione e del Commercio Elettronico (LSSI-CE) dell&#8217;11 luglio, si forniscono di seguito le informazioni generali su questo sito web:<\/span><\/p>\n<p><span style=\"font-weight: 400;\">La propriet\u00e0 di questo sito web, www.canaryyachtservices.com, (d&#8217;ora in poi Sito Web) \u00e8 di: Jos\u00e9 Edward de Armas Tracy, con NIF: 43386980x, i cui dati di contatto sono: Jos\u00e9 Edward de Armas Tracy, con NIF: 43386980x, i cui dati di contatto sono:<\/span><\/p>\n<p><span style=\"font-weight: 400;\">La propriet\u00e0 di questo sito web, www.canaryyachtservices.com, (di seguito Sito Web) \u00e8 di: , titolare del codice fiscale: e registrato presso: con i seguenti dati anagrafici: , il cui rappresentante \u00e8: , e i cui dati di contatto sono:<\/span><\/p>\n<p><span style=\"font-weight: 400;\">Indirizzo: C. Finlandia 17, Las Cuevas, La Orotava , Santa Cruz de Tenerife<\/span><\/p>\n<p><span style=\"font-weight: 400;\">Numero di telefono di contatto: 646 72 82 42<\/span><\/p>\n<p><span style=\"font-weight: 400;\">Email di contatto: info@canaryyachtservices.com<\/span><\/p>\n<h3><b>II. TERMINI E CONDIZIONI GENERALI DI UTILIZZO <\/b><\/h3>\n<h4><b>L&#8217;oggetto dei termini e delle condizioni: Il Sito web<\/b><\/h4>\n<p><span style=\"font-weight: 400;\">Lo scopo delle presenti Condizioni Generali d&#8217;Uso (di seguito, Condizioni) \u00e8 quello di regolare l&#8217;accesso e l&#8217;utilizzo del Sito web. Ai fini delle presenti Condizioni, per Sito Web si intende: l&#8217;aspetto esterno delle interfacce dello schermo, sia statiche che dinamiche, ovvero l&#8217;albero di navigazione; e tutti gli elementi integrati sia nelle interfacce dello schermo che nell&#8217;albero di navigazione (di seguito, Contenuti) e tutti i servizi o le risorse online che possono essere offerti agli Utenti (di seguito, Servizi). <\/span><\/p>\n<p><span style=\"font-weight: 400;\">Canary Yacht Services si riserva il diritto di modificare, in qualsiasi momento e senza preavviso, la presentazione e la configurazione del Sito Web e i Contenuti e i Servizi che possono essere integrati in esso. L&#8217;Utente riconosce e accetta che in qualsiasi momento Canary Yacht Services potr\u00e0 interrompere, disattivare e\/o cancellare uno qualsiasi di questi elementi integrati nel Sito Web o l&#8217;accesso ad essi. <\/span><\/p>\n<p><span style=\"font-weight: 400;\">L&#8217;accesso al Sito Web da parte dell&#8217;Utente \u00e8 libero e, di norma, gratuito, senza che l&#8217;Utente debba fornire alcun corrispettivo per usufruirne, fatta eccezione per il costo della connessione attraverso la rete di telecomunicazioni fornita dal fornitore di accesso contrattato dall&#8217;Utente.<\/span><\/p>\n<p><span style=\"font-weight: 400;\">Oltre al costo della connessione attraverso la rete di telecomunicazioni fornita dal fornitore di accesso e che l&#8217;Utente ha contrattato, alcuni dei Contenuti o Servizi offerti da Canary Yacht Services o, se del caso, da terzi attraverso il Sito Web possono essere soggetti alla contrattazione preventiva del Contenuto o del Servizio, nel qual caso saranno chiaramente specificate e\/o rese disponibili all&#8217;Utente le corrispondenti Condizioni Generali o Particolari da cui ci\u00f2 \u00e8 regolato.<\/span><\/p>\n<p><span style=\"font-weight: 400;\">L&#8217;utilizzo dei Contenuti o dei Servizi del Sito pu\u00f2 avvenire previa iscrizione o registrazione dell&#8217;Utente.<\/span><\/p>\n<p><span style=\"font-weight: 400;\">L&#8217;utilizzo del Contenuto non richiede alcun abbonamento o registrazione preventiva.<\/span><\/p>\n<h4><b>L&#8217;utente<\/b><\/h4>\n<p><span style=\"font-weight: 400;\">L&#8217;accesso, la navigazione e l&#8217;utilizzo del Sito Web, cos\u00ec come degli spazi abilitati all&#8217;interazione tra gli Utenti e l&#8217;Utente e i Servizi Canary Yacht, come ad esempio gli spazi per i commenti e\/o i blog, conferisce la condizione di Utente, per cui l&#8217;Utente accetta, fin dall&#8217;inizio della navigazione attraverso il Sito Web, tutte le Condizioni qui stabilite, cos\u00ec come le sue successive modifiche, fatta salva l&#8217;applicazione delle corrispondenti norme giuridiche di obbligatoriet\u00e0 a seconda dei casi. Data la rilevanza di quanto sopra, si raccomanda all&#8217;Utente di leggerle ogni volta che visita il Sito. <\/span><\/p>\n<p><span style=\"font-weight: 400;\">Il sito web di Canary Yacht Services fornisce un&#8217;ampia gamma di informazioni, servizi e dati. L&#8217;Utente si assume la responsabilit\u00e0 del corretto utilizzo del Sito Web. Tale responsabilit\u00e0 si estende a:  <\/span><\/p>\n<ul>\n<li style=\"font-weight: 400;\" aria-level=\"1\"><span style=\"font-weight: 400;\">Un uso delle informazioni, dei Contenuti e\/o dei Servizi e dei dati offerti da Canary Yacht Services che non sia contrario alle disposizioni delle presenti Condizioni, alla Legge, al buon costume o all&#8217;ordine pubblico, o che in qualsiasi altro modo possa arrecare danno ai diritti di terzi o allo stesso funzionamento del Sito Web.<\/span><\/li>\n<li style=\"font-weight: 400;\" aria-level=\"1\"><span style=\"font-weight: 400;\">La veridicit\u00e0 e la legalit\u00e0 delle informazioni fornite dall&#8217;Utente nei moduli estesi da Canary Yacht Services per l&#8217;accesso a determinati Contenuti o Servizi offerti dal Sito Web. In ogni caso, l&#8217;Utente dovr\u00e0 notificare immediatamente a Canary Yacht Services qualsiasi fatto che consenta l&#8217;uso improprio delle informazioni registrate in questi moduli, come, ma non solo, il furto, la perdita o l&#8217;accesso non autorizzato a identificativi e\/o password, al fine di procedere alla loro immediata cancellazione. <\/span><\/li>\n<\/ul>\n<p><span style=\"font-weight: 400;\">Canary Yacht Services si riserva il diritto di rimuovere tutti i commenti e i contributi che violino la legge, il rispetto della dignit\u00e0 della persona, che siano discriminatori, xenofobi, razzisti, pornografici, di spamming, che minaccino la giovent\u00f9 o l&#8217;infanzia, l&#8217;ordine o la sicurezza pubblica o che, a suo parere, non siano adatti alla pubblicazione.<\/span><\/p>\n<p><span style=\"font-weight: 400;\">In ogni caso, Canary Yacht Services non sar\u00e0 responsabile delle opinioni espresse dagli utenti attraverso i commenti o altri strumenti di blogging o partecipazione eventualmente esistenti.<\/span><\/p>\n<p><span style=\"font-weight: 400;\">Il semplice accesso a questo Sito Web non implica alcun tipo di rapporto commerciale tra Canary Yacht Services e l&#8217;Utente.<\/span><\/p>\n<p><span style=\"font-weight: 400;\">L&#8217;Utente dichiara di essere maggiorenne e di avere la capacit\u00e0 giuridica sufficiente per essere vincolato dalle presenti Condizioni. Pertanto, questo Sito Web di Canary Yacht Services non \u00e8 rivolto ai minori. Canary Yacht Services declina ogni responsabilit\u00e0 per il mancato rispetto di questo requisito.  <\/span><\/p>\n<p><span style=\"font-weight: 400;\">In conformit\u00e0 con la legislazione vigente, questo sito web di Canary Yacht Services \u00e8 destinato a tutte le persone, indipendentemente dalla loro et\u00e0, che possono accedere e\/o navigare nelle pagine del sito.<\/span><\/p>\n<p><span style=\"font-weight: 400;\">Il Sito web \u00e8 rivolto principalmente agli utenti residenti in Spagna. Canary Yacht Services non dichiara in alcun modo che il Sito Web sia conforme alle leggi di altri paesi, in tutto o in parte. Se l&#8217;Utente risiede o \u00e8 domiciliato altrove e decide di accedere e\/o navigare sul Sito web, lo fa a suo rischio e pericolo e deve assicurarsi che tale accesso e navigazione siano conformi alle leggi locali applicabili; Canary Yacht Services non si assume alcuna responsabilit\u00e0 derivante da tale accesso.  <\/span><\/p>\n<h3><b>III. ACCESSO E NAVIGAZIONE SUL SITO WEB: ESCLUSIONE DI GARANZIE E RESPONSABILIT\u00c0 <\/b><\/h3>\n<p><span style=\"font-weight: 400;\">Canary Yacht Services non garantisce la continuit\u00e0, la disponibilit\u00e0 o l&#8217;utilit\u00e0 del sito web, dei contenuti o dei servizi. Canary Yacht Services far\u00e0 ogni sforzo per assicurare il corretto funzionamento del Sito Web, tuttavia Canary Yacht Services non garantisce che l&#8217;accesso a questo Sito Web sia ininterrotto o privo di errori. <\/span><\/p>\n<p><span style=\"font-weight: 400;\">Canary Yacht Services non \u00e8 responsabile n\u00e9 garantisce che il contenuto o il software a cui si pu\u00f2 accedere attraverso questo Sito Web sia privo di errori o che causi danni al sistema informatico (software e hardware) dell&#8217;Utente. In nessun caso Canary Yacht Services sar\u00e0 responsabile di eventuali perdite, danni o pregiudizi di qualsiasi tipo derivanti dall&#8217;accesso, dalla navigazione e dall&#8217;utilizzo del Sito web, compresi, ma non solo, quelli causati ai sistemi informatici o causati dall&#8217;introduzione di virus. <\/span><\/p>\n<p><span style=\"font-weight: 400;\">Canary Yacht Services non \u00e8 inoltre responsabile dei danni che potrebbero essere causati agli utenti da un uso inadeguato di questo Sito web. In particolare, non \u00e8 responsabile in alcun modo delle cadute, delle interruzioni, della mancanza o del difetto delle telecomunicazioni che potrebbero verificarsi. <\/span><\/p>\n<h3><b>IV. POLITICA DI COLLEGAMENTO <\/b><\/h3>\n<p><span style=\"font-weight: 400;\">Si informa che il Sito Web Canary Yacht Services mette o potr\u00e0 mettere a disposizione degli Utenti mezzi di collegamento (quali, tra gli altri, link, banner, pulsanti), directory e motori di ricerca che consentono agli Utenti di accedere a siti web appartenenti e\/o gestiti da terzi.<\/span><\/p>\n<p><span style=\"font-weight: 400;\">L&#8217;installazione di questi link, elenchi e motori di ricerca sul Sito web ha lo scopo di facilitare agli Utenti la ricerca e l&#8217;accesso alle informazioni disponibili su Internet e non pu\u00f2 essere considerata un suggerimento, una raccomandazione o un invito a visitarli.<\/span><\/p>\n<p><span style=\"font-weight: 400;\">Canary Yacht Services non offre o commercializza, direttamente o tramite terzi, i prodotti e\/o i servizi disponibili su tali siti collegati.<\/span><\/p>\n<p><span style=\"font-weight: 400;\">Canary Yacht Services offre contenuti sponsorizzati, annunci pubblicitari e\/o link di affiliazione. Le informazioni che appaiono in questi link affiliati o le pubblicit\u00e0 inserite sono fornite dagli stessi inserzionisti, pertanto Canary Yacht Services non \u00e8 responsabile di eventuali imprecisioni o errori che possono contenere gli annunci, n\u00e9 garantisce in alcun modo l&#8217;esperienza, l&#8217;integrit\u00e0 o la responsabilit\u00e0 degli inserzionisti o la qualit\u00e0 dei loro prodotti e\/o servizi. <\/span><\/p>\n<p><span style=\"font-weight: 400;\">Inoltre, non garantisce la disponibilit\u00e0 tecnica, l&#8217;accuratezza, la veridicit\u00e0, la validit\u00e0 o la legalit\u00e0 dei siti non di sua propriet\u00e0 a cui si pu\u00f2 accedere attraverso i link.<\/span><\/p>\n<p><span style=\"font-weight: 400;\">Canary Yacht Services non esamina o controlla in alcun modo il contenuto di altri siti web, n\u00e9 approva, rivede o approva i prodotti e i servizi, i contenuti, i file e qualsiasi altro materiale presente in tali siti collegati.<\/span><\/p>\n<p><span style=\"font-weight: 400;\">Canary Yacht Services non si assume alcuna responsabilit\u00e0 per eventuali danni che possano derivare dall&#8217;accesso, dall&#8217;uso, dalla qualit\u00e0 o dalla legalit\u00e0 dei contenuti, delle comunicazioni, delle opinioni, dei prodotti e dei servizi di siti web non gestiti da Canary Yacht Services e collegati a questo Sito web.<\/span><\/p>\n<p><span style=\"font-weight: 400;\">L&#8217;Utente o la terza parte che effettua un collegamento ipertestuale da una pagina web di un altro sito web diverso al Sito Web Canary Yacht Services deve essere consapevole che:<\/span><\/p>\n<p><span style=\"font-weight: 400;\">Non \u00e8 consentita la riproduzione, totale o parziale, del Contenuto e\/o dei Servizi del Sito Web senza l&#8217;espressa autorizzazione di Canary Yacht Services.<\/span><\/p>\n<p><span style=\"font-weight: 400;\">Non sono consentite dichiarazioni false, imprecise o errate sul Sito Web Canary Yacht Services o sui Contenuti e\/o Servizi del Sito Web Canary Yacht Services.<\/span><\/p>\n<p><span style=\"font-weight: 400;\">Ad eccezione del collegamento ipertestuale, il sito web sul quale viene stabilito il collegamento ipertestuale non conterr\u00e0 alcun elemento di questo Sito Web che sia protetto come propriet\u00e0 intellettuale dalla legge spagnola, a meno che non sia espressamente autorizzato da Canary Yacht Services.<\/span><\/p>\n<p><span style=\"font-weight: 400;\">La creazione del collegamento ipertestuale non implica l&#8217;esistenza di una relazione tra Canary Yacht Services e il proprietario del sito web da cui viene effettuato, n\u00e9 la conoscenza e l&#8217;accettazione da parte di Canary Yacht Services dei contenuti, dei servizi e\/o delle attivit\u00e0 offerte da tale sito web, e viceversa.<\/span><\/p>\n<h3><b>V. PROPRIET\u00c0 INTELLETTUALE E INDUSTRIALE<\/b><\/h3>\n<p><span style=\"font-weight: 400;\">Canary Yacht Services, in proprio o in qualit\u00e0 di cessionario, \u00e8 titolare di tutti i diritti di propriet\u00e0 intellettuale e industriale del Sito web, nonch\u00e9 degli elementi in esso contenuti (inclusi, a titolo esemplificativo ma non esaustivo, immagini, suoni, audio, video, software o testi, marchi o loghi, combinazioni di colori, struttura e design, selezione dei materiali utilizzati, programmi informatici necessari per il funzionamento, l&#8217;accesso e l&#8217;utilizzo, ecc.) Si tratta, pertanto, di opere protette come propriet\u00e0 intellettuale dall&#8217;ordinamento giuridico spagnolo, essendo ad esse applicabili sia la normativa spagnola e comunitaria in materia, sia i trattati internazionali relativi alla materia e sottoscritti dalla Spagna. <\/span><\/p>\n<p><span style=\"font-weight: 400;\">Tutti i diritti riservati. In virt\u00f9 delle disposizioni della Legge sulla Propriet\u00e0 Intellettuale, sono espressamente vietate la riproduzione, la distribuzione e la comunicazione pubblica, compresa la messa a disposizione, di tutti o parte dei contenuti di questo sito web, per scopi commerciali, su qualsiasi supporto e con qualsiasi mezzo tecnico, senza l&#8217;autorizzazione di Canary Yacht Services. <\/span><\/p>\n<p><span style=\"font-weight: 400;\">L&#8217;Utente si impegna a rispettare i diritti di propriet\u00e0 intellettuale e industriale di Canary Yacht Services. L&#8217;Utente pu\u00f2 visualizzare gli elementi del Sito web o anche stamparli, copiarli e memorizzarli sul disco rigido del proprio computer o su qualsiasi altro supporto fisico, purch\u00e9 sia esclusivamente per uso personale. L&#8217;Utente, tuttavia, non potr\u00e0 sopprimere, alterare o manipolare alcun dispositivo di protezione o sistema di sicurezza installato nel Sito web.  <\/span><\/p>\n<p><span style=\"font-weight: 400;\">Nel caso in cui l&#8217;Utente o una terza parte ritenga che uno qualsiasi dei Contenuti del Sito Web comporti una violazione dei diritti di protezione della propriet\u00e0 intellettuale, dovr\u00e0 informare immediatamente Canary Yacht Services attraverso i recapiti indicati nella sezione INFORMAZIONI GENERALI del presente Avviso Legale e Condizioni Generali d&#8217;Uso.<\/span><\/p>\n<h3><b>VI. AZIONI LEGALI, LEGGE APPLICABILE E GIURISDIZIONE <\/b><\/h3>\n<p><span style=\"font-weight: 400;\">Canary Yacht Services si riserva il diritto di intraprendere qualsiasi azione civile o penale che ritenga necessaria per l&#8217;uso improprio del Sito web e dei Contenuti o per la violazione dei presenti Termini e condizioni.<\/span><\/p>\n<p><span style=\"font-weight: 400;\">Il rapporto tra l&#8217;Utente e Canary Yacht Services sar\u00e0 regolato dalle norme vigenti e applicabili nel territorio spagnolo. In caso di controversie relative all&#8217;interpretazione e\/o all&#8217;applicazione dei presenti Termini e Condizioni, le parti sottopongono le loro controversie alla giurisdizione ordinaria, sottoponendosi ai giudici e ai tribunali corrispondenti secondo la legge. <\/span><\/p>\n<p><span style=\"font-weight: 400;\">Il presente documento di Note legali e Condizioni generali d&#8217;uso del sito web \u00e8 stato creato mediante il generatore di<\/span><a href=\"https:\/\/textos-legales.edgartamarit.com\/\"> <span style=\"font-weight: 400;\">modello di avviso legale e condizioni d&#8217;uso<\/span><\/a><span style=\"font-weight: 400;\"> online il 23\/12\/2024.<\/span><\/p>\n<h4>\n<\/h4>\n\t\t\t\t\t\t\t\t<\/div>\n\t\t\t\t<\/div>\n\t\t\t\t\t<\/div>\n\t\t<\/div>\n\t\t\t\t\t<\/div>\n\t\t<\/section>\n\t\t\t\t<\/div>\n\t\t","protected":false},"excerpt":{"rendered":"<p>Avviso legale e condizioni generali di utilizzo www.canaryyachtservices.com I. INFORMAZIONI GENERALI In ottemperanza all&#8217;obbligo di informazione previsto dalla Legge 34\/2002 sui Servizi della Societ\u00e0 dell&#8217;Informazione e del Commercio Elettronico (LSSI-CE) dell&#8217;11 luglio, si forniscono di seguito le informazioni generali su questo sito web: La propriet\u00e0 di questo sito web, www.canaryyachtservices.com, (d&#8217;ora in poi Sito Web) [&hellip;]<\/p>\n","protected":false},"author":2,"featured_media":0,"parent":0,"menu_order":0,"comment_status":"closed","ping_status":"closed","template":"elementor_header_footer","meta":{"_joinchat":[],"footnotes":""},"class_list":["post-1191","page","type-page","status-publish","hentry"],"_links":{"self":[{"href":"https:\/\/canaryyachtservices.com\/it\/wp-json\/wp\/v2\/pages\/1191","targetHints":{"allow":["GET"]}}],"collection":[{"href":"https:\/\/canaryyachtservices.com\/it\/wp-json\/wp\/v2\/pages"}],"about":[{"href":"https:\/\/canaryyachtservices.com\/it\/wp-json\/wp\/v2\/types\/page"}],"author":[{"embeddable":true,"href":"https:\/\/canaryyachtservices.com\/it\/wp-json\/wp\/v2\/users\/2"}],"replies":[{"embeddable":true,"href":"https:\/\/canaryyachtservices.com\/it\/wp-json\/wp\/v2\/comments?post=1191"}],"version-history":[{"count":2,"href":"https:\/\/canaryyachtservices.com\/it\/wp-json\/wp\/v2\/pages\/1191\/revisions"}],"predecessor-version":[{"id":2037,"href":"https:\/\/canaryyachtservices.com\/it\/wp-json\/wp\/v2\/pages\/1191\/revisions\/2037"}],"wp:attachment":[{"href":"https:\/\/canaryyachtservices.com\/it\/wp-json\/wp\/v2\/media?parent=1191"}],"curies":[{"name":"wp","href":"https:\/\/api.w.org\/{rel}","templated":true}]}}