{"id":381,"date":"2025-01-07T11:13:23","date_gmt":"2025-01-07T11:13:23","guid":{"rendered":"https:\/\/canaryyachtservices.com\/?page_id=381"},"modified":"2025-01-13T14:58:25","modified_gmt":"2025-01-13T14:58:25","slug":"abastecimiento","status":"publish","type":"page","link":"https:\/\/canaryyachtservices.com\/es\/abastecimiento\/","title":{"rendered":"Abastecimiento"},"content":{"rendered":"\t\t<div data-elementor-type=\"wp-page\" data-elementor-id=\"381\" class=\"elementor elementor-381\" data-elementor-post-type=\"page\">\n\t\t\t\t\t\t<section class=\"elementor-section elementor-top-section elementor-element elementor-element-4e6720a5 elementor-section-boxed elementor-section-height-default elementor-section-height-default\" data-id=\"4e6720a5\" data-element_type=\"section\" data-e-type=\"section\" data-settings=\"{&quot;background_background&quot;:&quot;classic&quot;,&quot;background_motion_fx_motion_fx_scrolling&quot;:&quot;yes&quot;,&quot;background_motion_fx_translateY_effect&quot;:&quot;yes&quot;,&quot;background_motion_fx_translateY_direction&quot;:&quot;negative&quot;,&quot;background_motion_fx_translateY_speed&quot;:{&quot;unit&quot;:&quot;px&quot;,&quot;size&quot;:10,&quot;sizes&quot;:[]},&quot;background_motion_fx_translateY_affectedRange&quot;:{&quot;unit&quot;:&quot;%&quot;,&quot;size&quot;:&quot;&quot;,&quot;sizes&quot;:{&quot;start&quot;:0,&quot;end&quot;:100}},&quot;background_motion_fx_devices&quot;:[&quot;desktop&quot;,&quot;tablet&quot;,&quot;mobile&quot;]}\">\n\t\t\t\t\t\t\t<div class=\"elementor-background-overlay\"><\/div>\n\t\t\t\t\t\t\t<div class=\"elementor-container elementor-column-gap-default\">\n\t\t\t\t\t<div class=\"elementor-column elementor-col-100 elementor-top-column elementor-element elementor-element-bce0187\" data-id=\"bce0187\" data-element_type=\"column\" data-e-type=\"column\">\n\t\t\t<div class=\"elementor-widget-wrap elementor-element-populated\">\n\t\t\t\t\t\t<section class=\"elementor-section elementor-inner-section elementor-element elementor-element-43f5cc51 elementor-section-content-middle elementor-section-boxed elementor-section-height-default elementor-section-height-default\" data-id=\"43f5cc51\" data-element_type=\"section\" data-e-type=\"section\">\n\t\t\t\t\t\t<div class=\"elementor-container elementor-column-gap-default\">\n\t\t\t\t\t<div class=\"elementor-column elementor-col-100 elementor-inner-column elementor-element elementor-element-32eacab8 elementor-invisible\" data-id=\"32eacab8\" data-element_type=\"column\" data-e-type=\"column\" data-settings=\"{&quot;animation&quot;:&quot;fadeInLeft&quot;}\">\n\t\t\t<div class=\"elementor-widget-wrap elementor-element-populated\">\n\t\t\t\t\t\t<div class=\"elementor-element elementor-element-3a0b2c4e elementor-widget elementor-widget-heading\" data-id=\"3a0b2c4e\" data-element_type=\"widget\" data-e-type=\"widget\" data-widget_type=\"heading.default\">\n\t\t\t\t<div class=\"elementor-widget-container\">\n\t\t\t\t\t<div class=\"elementor-heading-title elementor-size-default\">Abastecimiento<\/div>\t\t\t\t<\/div>\n\t\t\t\t<\/div>\n\t\t\t\t\t<\/div>\n\t\t<\/div>\n\t\t\t\t\t<\/div>\n\t\t<\/section>\n\t\t\t\t\t<\/div>\n\t\t<\/div>\n\t\t\t\t\t<\/div>\n\t\t<\/section>\n\t\t\t\t<section class=\"elementor-section elementor-top-section elementor-element elementor-element-54f41530 elementor-section-content-middle elementor-section-boxed elementor-section-height-default elementor-section-height-default\" data-id=\"54f41530\" data-element_type=\"section\" data-e-type=\"section\" data-settings=\"{&quot;background_background&quot;:&quot;classic&quot;}\">\n\t\t\t\t\t\t\t<div class=\"elementor-background-overlay\"><\/div>\n\t\t\t\t\t\t\t<div class=\"elementor-container elementor-column-gap-default\">\n\t\t\t\t\t<div class=\"elementor-column elementor-col-100 elementor-top-column elementor-element elementor-element-27b91779\" data-id=\"27b91779\" data-element_type=\"column\" data-e-type=\"column\">\n\t\t\t<div class=\"elementor-widget-wrap elementor-element-populated\">\n\t\t\t\t\t\t<div class=\"elementor-element elementor-element-60b11e36 elementor-invisible elementor-widget elementor-widget-heading\" data-id=\"60b11e36\" data-element_type=\"widget\" data-e-type=\"widget\" data-settings=\"{&quot;_animation&quot;:&quot;fadeIn&quot;,&quot;_animation_delay&quot;:200}\" data-widget_type=\"heading.default\">\n\t\t\t\t<div class=\"elementor-widget-container\">\n\t\t\t\t\t<h6 class=\"elementor-heading-title elementor-size-default\">SERVICIOS &gt; abastecimiento<\/h6>\t\t\t\t<\/div>\n\t\t\t\t<\/div>\n\t\t\t\t<div class=\"elementor-element elementor-element-2b71f71b elementor-invisible elementor-widget elementor-widget-heading\" data-id=\"2b71f71b\" data-element_type=\"widget\" data-e-type=\"widget\" data-settings=\"{&quot;_animation&quot;:&quot;fadeIn&quot;,&quot;_animation_delay&quot;:300}\" data-widget_type=\"heading.default\">\n\t\t\t\t<div class=\"elementor-widget-container\">\n\t\t\t\t\t<h2 class=\"elementor-heading-title elementor-size-default\">Abastecimiento Completo: Provisiones y Repuestos para una Traves\u00eda Perfecta<\/h2>\t\t\t\t<\/div>\n\t\t\t\t<\/div>\n\t\t\t\t<div class=\"elementor-element elementor-element-7a691eeb elementor-invisible elementor-widget elementor-widget-text-editor\" data-id=\"7a691eeb\" data-element_type=\"widget\" data-e-type=\"widget\" data-settings=\"{&quot;_animation&quot;:&quot;fadeIn&quot;,&quot;_animation_delay&quot;:350}\" data-widget_type=\"text-editor.default\">\n\t\t\t\t<div class=\"elementor-widget-container\">\n\t\t\t\t\t\t\t\t\t<p><span style=\"font-weight: 400;\">Antes de cruzar el Atl\u00e1ntico, es crucial tener la gambuza bien abastecida. Podemos gestionar compras a gran escala o productos culinarios espec\u00edficos seg\u00fan tus necesidades. Adem\u00e1s, ofrecemos servicios de lavander\u00eda para dar un respiro a las azafatas antes de la traves\u00eda. Tambi\u00e9n nos encargamos de conseguir los repuestos necesarios que el jefe de m\u00e1quinas requiera para la temporada de invierno. Cabe recordar que en Canarias disfrutamos de ventajas fiscales, pagando solo entre un 3% y un 7% de impuestos en la mayor\u00eda de los productos.<\/span><\/p>\t\t\t\t\t\t\t\t<\/div>\n\t\t\t\t<\/div>\n\t\t\t\t<div class=\"elementor-element elementor-element-26fdc7bc elementor-invisible elementor-widget elementor-widget-button\" data-id=\"26fdc7bc\" data-element_type=\"widget\" data-e-type=\"widget\" data-settings=\"{&quot;_animation&quot;:&quot;fadeIn&quot;,&quot;_animation_delay&quot;:375}\" data-widget_type=\"button.default\">\n\t\t\t\t<div class=\"elementor-widget-container\">\n\t\t\t\t\t\t\t\t\t<div class=\"elementor-button-wrapper\">\n\t\t\t\t\t<a class=\"elementor-button elementor-button-link elementor-size-md\" href=\"#mas\">\n\t\t\t\t\t\t<span class=\"elementor-button-content-wrapper\">\n\t\t\t\t\t\t\t\t\t<span class=\"elementor-button-text\">M\u00c1S SERVICIOS<\/span>\n\t\t\t\t\t<\/span>\n\t\t\t\t\t<\/a>\n\t\t\t\t<\/div>\n\t\t\t\t\t\t\t\t<\/div>\n\t\t\t\t<\/div>\n\t\t\t\t\t<\/div>\n\t\t<\/div>\n\t\t\t\t\t<\/div>\n\t\t<\/section>\n\t\t\t\t<section class=\"elementor-section elementor-top-section elementor-element elementor-element-58a1cd0 elementor-section-boxed elementor-section-height-default elementor-section-height-default\" data-id=\"58a1cd0\" data-element_type=\"section\" data-e-type=\"section\" data-settings=\"{&quot;background_background&quot;:&quot;classic&quot;}\">\n\t\t\t\t\t\t\t<div class=\"elementor-background-overlay\"><\/div>\n\t\t\t\t\t\t\t<div class=\"elementor-container elementor-column-gap-default\">\n\t\t\t\t\t<div class=\"elementor-column elementor-col-100 elementor-top-column elementor-element elementor-element-637a0cb\" data-id=\"637a0cb\" data-element_type=\"column\" data-e-type=\"column\">\n\t\t\t<div class=\"elementor-widget-wrap elementor-element-populated\">\n\t\t\t\t\t\t<section class=\"elementor-section elementor-inner-section elementor-element elementor-element-bab50b2 elementor-section-boxed elementor-section-height-default elementor-section-height-default\" data-id=\"bab50b2\" data-element_type=\"section\" data-e-type=\"section\">\n\t\t\t\t\t\t<div class=\"elementor-container elementor-column-gap-default\">\n\t\t\t\t\t<div class=\"elementor-column elementor-col-100 elementor-inner-column elementor-element elementor-element-2e64fe1 elementor-invisible\" data-id=\"2e64fe1\" data-element_type=\"column\" data-e-type=\"column\" data-settings=\"{&quot;animation&quot;:&quot;fadeInRight&quot;}\">\n\t\t\t<div class=\"elementor-widget-wrap elementor-element-populated\">\n\t\t\t\t\t\t<div class=\"elementor-element elementor-element-bb8f85c elementor-widget elementor-widget-image\" data-id=\"bb8f85c\" data-element_type=\"widget\" data-e-type=\"widget\" data-widget_type=\"image.default\">\n\t\t\t\t<div class=\"elementor-widget-container\">\n\t\t\t\t\t\t\t\t\t\t\t\t\t\t\t<img decoding=\"async\" width=\"128\" height=\"128\" src=\"https:\/\/canaryyachtservices.com\/wp-content\/uploads\/2025\/01\/surtidor-de-combustible.png\" class=\"attachment-large size-large wp-image-565\" alt=\"\" \/>\t\t\t\t\t\t\t\t\t\t\t\t\t\t\t<\/div>\n\t\t\t\t<\/div>\n\t\t\t\t<div class=\"elementor-element elementor-element-7b077fd elementor-widget elementor-widget-icon-box\" data-id=\"7b077fd\" data-element_type=\"widget\" data-e-type=\"widget\" data-widget_type=\"icon-box.default\">\n\t\t\t\t<div class=\"elementor-widget-container\">\n\t\t\t\t\t\t\t<div class=\"elementor-icon-box-wrapper\">\n\n\t\t\t\n\t\t\t\t\t\t<div class=\"elementor-icon-box-content\">\n\n\t\t\t\t\t\t\t\t\t<div class=\"elementor-icon-box-title\">\n\t\t\t\t\t\t<a href=\"https:\/\/canaryyachtservices.com\/bunkering\/\" >\n\t\t\t\t\t\t\tBunkering\t\t\t\t\t\t<\/a>\n\t\t\t\t\t<\/div>\n\t\t\t\t\n\t\t\t\t\t\t\t\t\t<p class=\"elementor-icon-box-description\">\n\t\t\t\t\t\tRepostar en Canarias es una opci\u00f3n ideal debido a los bajos impuestos sobre el combustible. Ofrecemos repostajes de al menos 1000L con di\u00e9sel de alta calidad, sin necesidad de mover el yate, utilizando un cami\u00f3n cisterna para mayor comodidad.\t\t\t\t\t<\/p>\n\t\t\t\t\n\t\t\t<\/div>\n\t\t\t\n\t\t<\/div>\n\t\t\t\t\t\t<\/div>\n\t\t\t\t<\/div>\n\t\t\t\t<div class=\"elementor-element elementor-element-486cca1 elementor-align-justify elementor-widget__width-initial elementor-widget elementor-widget-button\" data-id=\"486cca1\" data-element_type=\"widget\" data-e-type=\"widget\" data-widget_type=\"button.default\">\n\t\t\t\t<div class=\"elementor-widget-container\">\n\t\t\t\t\t\t\t\t\t<div class=\"elementor-button-wrapper\">\n\t\t\t\t\t<a class=\"elementor-button elementor-button-link elementor-size-md\" href=\"https:\/\/fueltenerife.com\/\">\n\t\t\t\t\t\t<span class=\"elementor-button-content-wrapper\">\n\t\t\t\t\t\t\t\t\t<span class=\"elementor-button-text\">M\u00e1s informaci\u00f3n<\/span>\n\t\t\t\t\t<\/span>\n\t\t\t\t\t<\/a>\n\t\t\t\t<\/div>\n\t\t\t\t\t\t\t\t<\/div>\n\t\t\t\t<\/div>\n\t\t\t\t\t<\/div>\n\t\t<\/div>\n\t\t\t\t\t<\/div>\n\t\t<\/section>\n\t\t\t\t\t<\/div>\n\t\t<\/div>\n\t\t\t\t\t<\/div>\n\t\t<\/section>\n\t\t\t\t<section class=\"elementor-section elementor-top-section elementor-element elementor-element-132a657 elementor-section-content-middle elementor-reverse-mobile elementor-section-boxed elementor-section-height-default elementor-section-height-default\" data-id=\"132a657\" data-element_type=\"section\" data-e-type=\"section\" data-settings=\"{&quot;background_background&quot;:&quot;classic&quot;}\">\n\t\t\t\t\t\t<div class=\"elementor-container elementor-column-gap-default\">\n\t\t\t\t\t<div class=\"elementor-column elementor-col-50 elementor-top-column elementor-element elementor-element-9ec776c elementor-invisible\" data-id=\"9ec776c\" data-element_type=\"column\" data-e-type=\"column\" data-settings=\"{&quot;animation&quot;:&quot;fadeInLeft&quot;}\">\n\t\t\t<div class=\"elementor-widget-wrap elementor-element-populated\">\n\t\t\t\t\t\t<div class=\"elementor-element elementor-element-80abde1 elementor-widget elementor-widget-image\" data-id=\"80abde1\" data-element_type=\"widget\" data-e-type=\"widget\" data-widget_type=\"image.default\">\n\t\t\t\t<div class=\"elementor-widget-container\">\n\t\t\t\t\t\t\t\t\t\t\t\t\t\t\t<img fetchpriority=\"high\" decoding=\"async\" width=\"667\" height=\"1000\" src=\"https:\/\/canaryyachtservices.com\/wp-content\/uploads\/2025\/01\/30862.jpg\" class=\"attachment-full size-full wp-image-758\" alt=\"\" srcset=\"https:\/\/canaryyachtservices.com\/wp-content\/uploads\/2025\/01\/30862.jpg 667w, https:\/\/canaryyachtservices.com\/wp-content\/uploads\/2025\/01\/30862-200x300.jpg 200w\" sizes=\"(max-width: 667px) 100vw, 667px\" \/>\t\t\t\t\t\t\t\t\t\t\t\t\t\t\t<\/div>\n\t\t\t\t<\/div>\n\t\t\t\t\t<\/div>\n\t\t<\/div>\n\t\t\t\t<div class=\"elementor-column elementor-col-50 elementor-top-column elementor-element elementor-element-e054fff elementor-invisible\" data-id=\"e054fff\" data-element_type=\"column\" data-e-type=\"column\" data-settings=\"{&quot;animation&quot;:&quot;fadeInRight&quot;}\">\n\t\t\t<div class=\"elementor-widget-wrap elementor-element-populated\">\n\t\t\t\t\t\t<div class=\"elementor-element elementor-element-c186b54 elementor-widget elementor-widget-menu-anchor\" data-id=\"c186b54\" data-element_type=\"widget\" data-e-type=\"widget\" data-widget_type=\"menu-anchor.default\">\n\t\t\t\t<div class=\"elementor-widget-container\">\n\t\t\t\t\t\t\t<div class=\"elementor-menu-anchor\" id=\"mas\"><\/div>\n\t\t\t\t\t\t<\/div>\n\t\t\t\t<\/div>\n\t\t\t\t<div class=\"elementor-element elementor-element-d40029e elementor-widget elementor-widget-heading\" data-id=\"d40029e\" data-element_type=\"widget\" data-e-type=\"widget\" data-widget_type=\"heading.default\">\n\t\t\t\t<div class=\"elementor-widget-container\">\n\t\t\t\t\t<h6 class=\"elementor-heading-title elementor-size-default\">SERVICIOS<\/h6>\t\t\t\t<\/div>\n\t\t\t\t<\/div>\n\t\t\t\t<div class=\"elementor-element elementor-element-f0df93c elementor-widget elementor-widget-heading\" data-id=\"f0df93c\" data-element_type=\"widget\" data-e-type=\"widget\" data-widget_type=\"heading.default\">\n\t\t\t\t<div class=\"elementor-widget-container\">\n\t\t\t\t\t<h2 class=\"elementor-heading-title elementor-size-default\">Soluciones integrales para yates, desde mantenimiento y reparaciones hasta log\u00edstica y abastecimiento.<\/h2>\t\t\t\t<\/div>\n\t\t\t\t<\/div>\n\t\t\t\t<div class=\"elementor-element elementor-element-734ab0a elementor-widget elementor-widget-text-editor\" data-id=\"734ab0a\" data-element_type=\"widget\" data-e-type=\"widget\" data-widget_type=\"text-editor.default\">\n\t\t\t\t<div class=\"elementor-widget-container\">\n\t\t\t\t\t\t\t\t\t<p>Con un equipo especializado y una s\u00f3lida red de colaboradores, garantizamos servicios de alta calidad para que tu embarcaci\u00f3n est\u00e9 lista para cualquier traves\u00eda.<\/p>\t\t\t\t\t\t\t\t<\/div>\n\t\t\t\t<\/div>\n\t\t\t\t<div class=\"elementor-element elementor-element-0bdb051 elementor-view-framed elementor-shape-square elementor-position-inline-start elementor-mobile-position-inline-start elementor-widget elementor-widget-icon-box\" data-id=\"0bdb051\" data-element_type=\"widget\" data-e-type=\"widget\" data-widget_type=\"icon-box.default\">\n\t\t\t\t<div class=\"elementor-widget-container\">\n\t\t\t\t\t\t\t<div class=\"elementor-icon-box-wrapper\">\n\n\t\t\t\t\t\t<div class=\"elementor-icon-box-icon\">\n\t\t\t\t<a href=\"https:\/\/canaryyachtservices.com\/es\/repuestos\/\" class=\"elementor-icon\" tabindex=\"-1\" aria-label=\"Repuestos\">\n\t\t\t\t<svg xmlns=\"http:\/\/www.w3.org\/2000\/svg\" xmlns:xlink=\"http:\/\/www.w3.org\/1999\/xlink\" width=\"512\" height=\"512\" x=\"0\" y=\"0\" viewBox=\"0 0 48 48\" style=\"enable-background:new 0 0 512 512\" xml:space=\"preserve\" class=\"\"><g><g data-name=\"Wrench inside gear\"><path d=\"M47 18h-3.94a19.76 19.76 0 0 0-1.34-3.24L44.51 12a1 1 0 0 0 0-1.42l-7.07-7.09a1 1 0 0 0-1.42 0l-2.78 2.79A19.76 19.76 0 0 0 30 4.94V1a1 1 0 0 0-1-1H19a1 1 0 0 0-1 1v3.94a19.76 19.76 0 0 0-3.24 1.34L12 3.49a1 1 0 0 0-1.42 0l-7.09 7.07a1 1 0 0 0 0 1.42l2.79 2.78A19.76 19.76 0 0 0 4.94 18H1a1 1 0 0 0-1 1v10a1 1 0 0 0 1 1h3.94a17.56 17.56 0 0 0 .76 2 1 1 0 0 0 1.62.3c5.9-6 5.95-5.81 5.83-6.51-1.92-11.12 12.55-17.51 19.52-8.57A11 11 0 0 1 24 35c-1.77 0-2.13-.43-2.68.12-5.94 5.86-6.05 5.73-5.91 6.45a1 1 0 0 0 .58.73 17.56 17.56 0 0 0 2 .76V47a1 1 0 0 0 1 1H29a1 1 0 0 0 1-1v-3.94a19.76 19.76 0 0 0 3.24-1.34L36 44.51a1 1 0 0 0 1.42 0l7.07-7.07a1 1 0 0 0 0-1.42l-2.79-2.78A19.76 19.76 0 0 0 43.06 30H47a1 1 0 0 0 1-1V19a1 1 0 0 0-1-1Zm-1 10c-3.74 0-4.39-.23-4.66.74-1.67 6.21-3.63 3.31 1 8l-5.66 5.66c-2.61-2.62-2.94-3.26-3.8-2.77C27.29 42.8 28 39.42 28 46h-8c0-5.13.33-4.25-1.81-5l4.18-4.13c13 1.69 20-15.06 9.63-23.14-9-7-22.34.31-20.9 11.87L7 29.81C6.24 27.64 7 28 2 28v-8c3.74 0 4.39.23 4.66-.74 1.67-6.21 3.63-3.31-1-8l5.66-5.66c2.61 2.62 2.94 3.26 3.8 2.77C20.71 5.2 20 8.58 20 2h8c0 3.74-.23 4.39.74 4.66 6.21 1.67 3.31 3.63 8-1l5.66 5.66c-2.62 2.61-3.26 2.94-2.77 3.8C42.8 20.71 39.42 20 46 20Z\" fill=\"#ffcc05\" opacity=\"1\" data-original=\"#000000\" class=\"\"><\/path><path d=\"M31.85 21a1 1 0 0 0-.73-.64c-.71-.16-.62 0-4.88 4.23l-1.89-.94-.94-1.89c4.27-4.27 4.39-4.16 4.23-4.88a1 1 0 0 0-.64-.73 8 8 0 0 0-10.41 9.61L2.27 40.28a3.85 3.85 0 0 0 5.45 5.45l14.52-14.32A8 8 0 0 0 31.85 21ZM6.31 44.3a1.85 1.85 0 0 1-2.61-2.61c15.92-16.16 15.27-15.15 15-16a6 6 0 0 1 6-8C21.36 21 20.87 21.16 21.3 22c1.51 3 1.46 3.08 1.86 3.28 2.8 1.4 3.32 1.89 4 1.22l3.17-3.16a6 6 0 0 1-8 6c-.87-.34.12-.95-16.02 14.96Z\" fill=\"#ffcc05\" opacity=\"1\" data-original=\"#000000\" class=\"\"><\/path><\/g><\/g><\/svg>\t\t\t\t<\/a>\n\t\t\t<\/div>\n\t\t\t\n\t\t\t\t\t\t<div class=\"elementor-icon-box-content\">\n\n\t\t\t\t\t\t\t\t\t<div class=\"elementor-icon-box-title\">\n\t\t\t\t\t\t<a href=\"https:\/\/canaryyachtservices.com\/es\/repuestos\/\" >\n\t\t\t\t\t\t\tRepuestos\t\t\t\t\t\t<\/a>\n\t\t\t\t\t<\/div>\n\t\t\t\t\n\t\t\t\t\t\t\t\t\t<p class=\"elementor-icon-box-description\">\n\t\t\t\t\t\tCalidad para cualquier sistema a bordo\t\t\t\t\t<\/p>\n\t\t\t\t\n\t\t\t<\/div>\n\t\t\t\n\t\t<\/div>\n\t\t\t\t\t\t<\/div>\n\t\t\t\t<\/div>\n\t\t\t\t<div class=\"elementor-element elementor-element-dc9eab4 elementor-view-framed elementor-shape-square elementor-position-inline-start elementor-mobile-position-inline-start elementor-widget elementor-widget-icon-box\" data-id=\"dc9eab4\" data-element_type=\"widget\" data-e-type=\"widget\" data-widget_type=\"icon-box.default\">\n\t\t\t\t<div class=\"elementor-widget-container\">\n\t\t\t\t\t\t\t<div class=\"elementor-icon-box-wrapper\">\n\n\t\t\t\t\t\t<div class=\"elementor-icon-box-icon\">\n\t\t\t\t<a href=\"https:\/\/canaryyachtservices.com\/es\/servicios\/\" class=\"elementor-icon\" tabindex=\"-1\" aria-label=\"Otros servicios\">\n\t\t\t\t<svg xmlns=\"http:\/\/www.w3.org\/2000\/svg\" xmlns:xlink=\"http:\/\/www.w3.org\/1999\/xlink\" width=\"512\" height=\"512\" x=\"0\" y=\"0\" viewBox=\"0 0 512 512\" style=\"enable-background:new 0 0 512 512\" xml:space=\"preserve\" class=\"\"><g><path d=\"M503.012 431.898a49.379 49.379 0 0 0-17.522 9.754l-6.27 5.388c-6.668 5.734-14.912 8.69-24.494 8.838l56.309-95.206a6.911 6.911 0 0 0 .054-6.951 6.916 6.916 0 0 0-6.009-3.492H310.337v-13.106h97.364a6.92 6.92 0 0 0 6.586-9.046L310.004 4.72c-.681-2.113-2.574-3.851-4.685-4.459-2.075-.597-4.584-.158-6.274 1.222C188.172 91.949 108.343 201.74 61.776 327.806a6.92 6.92 0 0 0 6.491 9.316h162.292v13.106H6.923a6.924 6.924 0 0 0-6.011 3.492 6.923 6.923 0 0 0 .056 6.951l56.28 95.154c-8.999-.401-16.779-3.328-23.122-8.781l-6.27-5.397c-5.599-4.812-12.02-8.249-19.083-10.209-3.673-1.014-7.493 1.135-8.518 4.816a6.92 6.92 0 0 0 4.815 8.519 35.617 35.617 0 0 1 13.766 7.366l6.268 5.397c9.421 8.1 20.948 12.209 34.263 12.209 13.313 0 24.84-4.109 34.259-12.209l6.272-5.393c6.833-5.879 15.324-8.862 25.236-8.862 9.914 0 18.405 2.982 25.243 8.866l6.266 5.384c9.419 8.105 20.946 12.214 34.261 12.214s24.842-4.109 34.259-12.209l6.272-5.393c6.833-5.879 15.324-8.862 25.239-8.862 9.912 0 18.403 2.982 25.241 8.866l6.27 5.388c9.419 8.1 20.946 12.209 34.257 12.209 13.315 0 24.842-4.109 34.261-12.209l6.27-5.393c6.833-5.879 15.324-8.862 25.239-8.862 9.91 0 18.401 2.982 25.239 8.857l6.27 5.397c9.419 8.1 20.946 12.209 34.261 12.209 13.311 0 24.838-4.109 34.257-12.209l6.275-5.393a35.588 35.588 0 0 1 12.635-7.037 6.923 6.923 0 0 0 4.536-8.672c-1.146-3.646-5.02-5.687-8.673-4.534zM310.337 50.839l87.864 272.444h-87.864zM296.5 287.341c-22.174-78.499-22.173-157.971 0-237.195zm-7.915-258.992c-31.684 98.526-30.054 197.577 4.896 294.933H78.272C121.596 210.816 192.253 111.74 288.585 28.349zm-44.189 308.774H296.5v13.106h-52.103v-13.106zm178.076 104.524c-9.423-8.096-20.95-12.204-34.261-12.204-13.32 0-24.847 4.109-34.261 12.209l-6.266 5.388c-6.842 5.884-15.333 8.866-25.243 8.866-9.905 0-18.396-2.982-25.239-8.866l-6.266-5.384c-9.419-8.105-20.946-12.214-34.263-12.214-13.32 0-24.849 4.109-34.261 12.209l-6.27 5.393c-6.838 5.879-15.329 8.862-25.239 8.862s-18.401-2.982-25.241-8.866l-6.263-5.384c-9.417-8.105-20.946-12.214-34.266-12.214s-24.847 4.109-34.259 12.209l-6.27 5.388c-3.662 3.15-7.813 5.441-12.386 6.915l-53.163-89.887h473.893l-52.95 89.527a35.51 35.51 0 0 1-11.257-6.551zm89.211 37.042a6.922 6.922 0 0 1-4.536 8.672 35.588 35.588 0 0 0-12.635 7.037l-6.275 5.393c-9.419 8.1-20.946 12.209-34.257 12.209-13.315 0-24.842-4.109-34.261-12.209l-6.266-5.388c-6.842-5.884-15.338-8.866-25.243-8.866-9.91 0-18.401 2.982-25.243 8.866l-6.266 5.388c-9.419 8.1-20.946 12.209-34.261 12.209-13.311 0-24.838-4.109-34.257-12.209l-6.27-5.388c-6.842-5.884-15.333-8.866-25.241-8.866-9.91 0-18.401 2.982-25.241 8.866l-6.27 5.388c-9.417 8.1-20.944 12.209-34.259 12.209s-24.842-4.109-34.261-12.214l-6.266-5.384c-6.842-5.884-15.333-8.866-25.243-8.866-9.908 0-18.399 2.982-25.239 8.866l-6.27 5.388C84.206 507.891 72.679 512 59.366 512c-13.315 0-24.842-4.109-34.263-12.209l-6.266-5.388a35.613 35.613 0 0 0-13.772-7.375c-3.68-1.027-5.833-4.843-4.809-8.524s4.838-5.825 8.52-4.812a49.351 49.351 0 0 1 19.081 10.218l6.266 5.384c6.842 5.884 15.333 8.866 25.243 8.866 9.908 0 18.399-2.982 25.239-8.866l6.27-5.388c9.419-8.1 20.946-12.209 34.259-12.209 13.315 0 24.842 4.109 34.263 12.209l6.266 5.388c6.84 5.884 15.331 8.866 25.241 8.866s18.401-2.982 25.239-8.862l6.27-5.393c9.419-8.1 20.946-12.209 34.261-12.209 13.313 0 24.84 4.109 34.259 12.209l6.27 5.388c6.842 5.884 15.333 8.866 25.239 8.866 9.91 0 18.401-2.982 25.243-8.866l6.266-5.388c9.419-8.1 20.946-12.209 34.261-12.209 13.311 0 24.838 4.109 34.261 12.209l6.266 5.388c6.842 5.884 15.333 8.866 25.243 8.866 9.905 0 18.396-2.982 25.239-8.866l6.27-5.388a49.394 49.394 0 0 1 17.522-9.754c3.652-1.148 7.526.889 8.67 4.538z\" fill=\"#ffcc05\" opacity=\"1\" data-original=\"#000000\" class=\"\"><\/path><\/g><\/svg>\t\t\t\t<\/a>\n\t\t\t<\/div>\n\t\t\t\n\t\t\t\t\t\t<div class=\"elementor-icon-box-content\">\n\n\t\t\t\t\t\t\t\t\t<div class=\"elementor-icon-box-title\">\n\t\t\t\t\t\t<a href=\"https:\/\/canaryyachtservices.com\/es\/servicios\/\" >\n\t\t\t\t\t\t\tOtros servicios\t\t\t\t\t\t<\/a>\n\t\t\t\t\t<\/div>\n\t\t\t\t\n\t\t\t\t\t\t\t\t\t<p class=\"elementor-icon-box-description\">\n\t\t\t\t\t\tCubrimos todas las necesidades de tu yate\t\t\t\t\t<\/p>\n\t\t\t\t\n\t\t\t<\/div>\n\t\t\t\n\t\t<\/div>\n\t\t\t\t\t\t<\/div>\n\t\t\t\t<\/div>\n\t\t\t\t\t<\/div>\n\t\t<\/div>\n\t\t\t\t\t<\/div>\n\t\t<\/section>\n\t\t\t\t<\/div>\n\t\t","protected":false},"excerpt":{"rendered":"<p>SERVICIOS &gt; abastecimiento Abastecimiento Completo: Provisiones y Repuestos para una Traves\u00eda Perfecta Antes de cruzar el Atl\u00e1ntico, es crucial tener la gambuza bien abastecida. Podemos gestionar compras a gran escala o productos culinarios espec\u00edficos seg\u00fan tus necesidades. Adem\u00e1s, ofrecemos servicios de lavander\u00eda para dar un respiro a las azafatas antes de la traves\u00eda. Tambi\u00e9n nos [&hellip;]<\/p>\n","protected":false},"author":2,"featured_media":0,"parent":0,"menu_order":0,"comment_status":"closed","ping_status":"closed","template":"elementor_header_footer","meta":{"_joinchat":[],"footnotes":""},"class_list":["post-381","page","type-page","status-publish","hentry"],"_links":{"self":[{"href":"https:\/\/canaryyachtservices.com\/es\/wp-json\/wp\/v2\/pages\/381","targetHints":{"allow":["GET"]}}],"collection":[{"href":"https:\/\/canaryyachtservices.com\/es\/wp-json\/wp\/v2\/pages"}],"about":[{"href":"https:\/\/canaryyachtservices.com\/es\/wp-json\/wp\/v2\/types\/page"}],"author":[{"embeddable":true,"href":"https:\/\/canaryyachtservices.com\/es\/wp-json\/wp\/v2\/users\/2"}],"replies":[{"embeddable":true,"href":"https:\/\/canaryyachtservices.com\/es\/wp-json\/wp\/v2\/comments?post=381"}],"version-history":[{"count":25,"href":"https:\/\/canaryyachtservices.com\/es\/wp-json\/wp\/v2\/pages\/381\/revisions"}],"predecessor-version":[{"id":1871,"href":"https:\/\/canaryyachtservices.com\/es\/wp-json\/wp\/v2\/pages\/381\/revisions\/1871"}],"wp:attachment":[{"href":"https:\/\/canaryyachtservices.com\/es\/wp-json\/wp\/v2\/media?parent=381"}],"curies":[{"name":"wp","href":"https:\/\/api.w.org\/{rel}","templated":true}]}}