{"id":1219,"date":"2025-01-03T11:48:17","date_gmt":"2025-01-03T11:48:17","guid":{"rendered":"https:\/\/canaryyachtservices.com\/rechtliche-hinweise-und-nutzungsbedingungen\/"},"modified":"2025-01-13T15:10:19","modified_gmt":"2025-01-13T15:10:19","slug":"rechtliche-hinweise-und-nutzungsbedingungen","status":"publish","type":"page","link":"https:\/\/canaryyachtservices.com\/de\/rechtliche-hinweise-und-nutzungsbedingungen\/","title":{"rendered":"Rechtliche Hinweise und Nutzungsbedingungen"},"content":{"rendered":"\t\t<div data-elementor-type=\"wp-page\" data-elementor-id=\"1219\" class=\"elementor elementor-1219\" data-elementor-post-type=\"page\">\n\t\t\t\t\t\t<section class=\"elementor-section elementor-top-section elementor-element elementor-element-cd49bc9 elementor-section-boxed elementor-section-height-default elementor-section-height-default\" data-id=\"cd49bc9\" data-element_type=\"section\" data-e-type=\"section\" data-settings=\"{&quot;background_background&quot;:&quot;classic&quot;,&quot;background_motion_fx_motion_fx_scrolling&quot;:&quot;yes&quot;,&quot;background_motion_fx_translateY_effect&quot;:&quot;yes&quot;,&quot;background_motion_fx_translateY_direction&quot;:&quot;negative&quot;,&quot;background_motion_fx_translateY_speed&quot;:{&quot;unit&quot;:&quot;px&quot;,&quot;size&quot;:10,&quot;sizes&quot;:[]},&quot;background_motion_fx_translateY_affectedRange&quot;:{&quot;unit&quot;:&quot;%&quot;,&quot;size&quot;:&quot;&quot;,&quot;sizes&quot;:{&quot;start&quot;:0,&quot;end&quot;:100}},&quot;background_motion_fx_devices&quot;:[&quot;desktop&quot;,&quot;tablet&quot;,&quot;mobile&quot;]}\">\n\t\t\t\t\t\t\t<div class=\"elementor-background-overlay\"><\/div>\n\t\t\t\t\t\t\t<div class=\"elementor-container elementor-column-gap-default\">\n\t\t\t\t\t<div class=\"elementor-column elementor-col-100 elementor-top-column elementor-element elementor-element-42199a1c\" data-id=\"42199a1c\" data-element_type=\"column\" data-e-type=\"column\">\n\t\t\t<div class=\"elementor-widget-wrap elementor-element-populated\">\n\t\t\t\t\t\t<section class=\"elementor-section elementor-inner-section elementor-element elementor-element-7438fc60 elementor-section-content-middle elementor-section-boxed elementor-section-height-default elementor-section-height-default\" data-id=\"7438fc60\" data-element_type=\"section\" data-e-type=\"section\">\n\t\t\t\t\t\t<div class=\"elementor-container elementor-column-gap-default\">\n\t\t\t\t\t<div class=\"elementor-column elementor-col-100 elementor-inner-column elementor-element elementor-element-54cfba3c elementor-invisible\" data-id=\"54cfba3c\" data-element_type=\"column\" data-e-type=\"column\" data-settings=\"{&quot;animation&quot;:&quot;fadeInLeft&quot;}\">\n\t\t\t<div class=\"elementor-widget-wrap elementor-element-populated\">\n\t\t\t\t\t\t<div class=\"elementor-element elementor-element-1d772923 elementor-widget elementor-widget-heading\" data-id=\"1d772923\" data-element_type=\"widget\" data-e-type=\"widget\" data-widget_type=\"heading.default\">\n\t\t\t\t<div class=\"elementor-widget-container\">\n\t\t\t\t\t<div class=\"elementor-heading-title elementor-size-default\">Rechtliche Hinweise und Nutzungsbedingungen<\/div>\t\t\t\t<\/div>\n\t\t\t\t<\/div>\n\t\t\t\t\t<\/div>\n\t\t<\/div>\n\t\t\t\t\t<\/div>\n\t\t<\/section>\n\t\t\t\t\t<\/div>\n\t\t<\/div>\n\t\t\t\t\t<\/div>\n\t\t<\/section>\n\t\t\t\t<section class=\"elementor-section elementor-top-section elementor-element elementor-element-ed0be14 elementor-section-boxed elementor-section-height-default elementor-section-height-default\" data-id=\"ed0be14\" data-element_type=\"section\" data-e-type=\"section\">\n\t\t\t\t\t\t<div class=\"elementor-container elementor-column-gap-default\">\n\t\t\t\t\t<div class=\"elementor-column elementor-col-100 elementor-top-column elementor-element elementor-element-58148e13\" data-id=\"58148e13\" data-element_type=\"column\" data-e-type=\"column\">\n\t\t\t<div class=\"elementor-widget-wrap elementor-element-populated\">\n\t\t\t\t\t\t<div class=\"elementor-element elementor-element-970df54 elementor-widget elementor-widget-text-editor\" data-id=\"970df54\" data-element_type=\"widget\" data-e-type=\"widget\" data-widget_type=\"text-editor.default\">\n\t\t\t\t<div class=\"elementor-widget-container\">\n\t\t\t\t\t\t\t\t\t<h4>Rechtliche Hinweise und allgemeine Nutzungsbedingungen<\/h4>\n<h4><b>www.canaryyachtservices.com<\/b><\/h4>\n<h3><b>I. ALLGEMEINE INFORMATIONEN<\/b><\/h3>\n<p><span style=\"font-weight: 400;\">Gem\u00e4\u00df der Informationspflicht, die im Gesetz 34\/2002 \u00fcber die Dienste der Informationsgesellschaft und den elektronischen Handel (LSSI-CE) vom 11. Juli festgelegt ist, finden Sie im Folgenden allgemeine Informationen zu dieser Website:<\/span><\/p>\n<p><span style=\"font-weight: 400;\">Eigent\u00fcmer dieser Website, www.canaryyachtservices.com, (im Folgenden Website) ist: Jos\u00e9 Edward de Armas Tracy, mit NIF: 43386980x, und dessen Kontaktdaten sind: Jos\u00e9 Edward de Armas Tracy, mit NIF: 43386980x, und dessen Kontaktdaten sind:<\/span><\/p>\n<p><span style=\"font-weight: 400;\">Das Eigentum an dieser Website, www.canaryyachtservices.com, (im Folgenden Website) ist im Besitz von: , Inhaber der Steueridentifikationsnummer: und registriert unter: mit den folgenden Registerangaben: , dessen Vertreter ist: , und dessen Kontaktdaten lauten:<\/span><\/p>\n<p><span style=\"font-weight: 400;\">Adresse: C. Finlandia 17, Las Cuevas, La Orotava , Santa Cruz de Tenerife<\/span><\/p>\n<p><span style=\"font-weight: 400;\">Kontakt-Telefonnummer: 646 72 82 42<\/span><\/p>\n<p><span style=\"font-weight: 400;\">Kontakt E-Mail: info@canaryyachtservices.com<\/span><\/p>\n<h3><b>II. ALLGEMEINE NUTZUNGSBEDINGUNGEN <\/b><\/h3>\n<h4><b>Der Gegenstand der Bedingungen und Konditionen: Die Website<\/b><\/h4>\n<p><span style=\"font-weight: 400;\">Zweck dieser Allgemeinen Nutzungsbedingungen (im Folgenden Bedingungen) ist es, den Zugang zu und die Nutzung der Website zu regeln. F\u00fcr die Zwecke dieser Bedingungen werden unter der Website verstanden: das \u00e4u\u00dfere Erscheinungsbild der Bildschirmoberfl\u00e4chen, sowohl statisch als auch dynamisch, d.h. der Navigationsbaum; und alle Elemente, die sowohl in die Bildschirmoberfl\u00e4chen als auch in den Navigationsbaum integriert sind (im Folgenden: Inhalt) sowie alle Online-Dienste oder Ressourcen, die den Nutzern angeboten werden k\u00f6nnen (im Folgenden: Dienste). <\/span><\/p>\n<p><span style=\"font-weight: 400;\">Canary Yacht Services beh\u00e4lt sich das Recht vor, jederzeit und ohne vorherige Ank\u00fcndigung die Pr\u00e4sentation und Konfiguration der Website sowie die darin enthaltenen Inhalte und Dienste zu \u00e4ndern. Der Nutzer nimmt zur Kenntnis und erkl\u00e4rt sich damit einverstanden, dass Canary Yacht Services jederzeit diese Elemente, die in die Website integriert sind, oder den Zugang zu ihnen einstellen, deaktivieren und\/oder l\u00f6schen kann. <\/span><\/p>\n<p><span style=\"font-weight: 400;\">Der Zugriff des Nutzers auf die Website ist kostenlos und erfolgt in der Regel unentgeltlich, ohne dass der Nutzer daf\u00fcr eine Gegenleistung erbringen muss, mit Ausnahme der Kosten f\u00fcr die Verbindung \u00fcber das Telekommunikationsnetz, die von dem vom Nutzer beauftragten Zugangsanbieter bereitgestellt werden.<\/span><\/p>\n<p><span style=\"font-weight: 400;\">Abgesehen von den Kosten f\u00fcr die Verbindung \u00fcber das vom Zugangsanbieter bereitgestellte Telekommunikationsnetz, die der Nutzer vertraglich vereinbart hat, k\u00f6nnen einige der von Canary Yacht Services oder gegebenenfalls von Dritten \u00fcber die Website angebotenen Inhalte oder Dienste der vorherigen vertraglichen Vereinbarung des Inhalts oder Dienstes unterliegen. In diesem Fall werden die entsprechenden Allgemeinen oder Besonderen Bedingungen, denen diese unterliegen, klar angegeben und\/oder dem Nutzer zur Verf\u00fcgung gestellt.<\/span><\/p>\n<p><span style=\"font-weight: 400;\">Die Nutzung der Inhalte oder Dienste der Website kann durch ein vorheriges Abonnement oder eine Registrierung durch den Nutzer erfolgen.<\/span><\/p>\n<p><span style=\"font-weight: 400;\">F\u00fcr die Nutzung der Inhalte ist keine vorherige Anmeldung oder Registrierung erforderlich.<\/span><\/p>\n<h4><b>Der Benutzer<\/b><\/h4>\n<p><span style=\"font-weight: 400;\">Der Zugang, die Navigation und die Nutzung der Website sowie die Bereiche, die eine Interaktion zwischen den Nutzern und den Dienstleistungen von Canary Yacht erm\u00f6glichen, wie z.B. die Bereiche f\u00fcr Kommentare und\/oder Blogs, verleihen dem Nutzer die Eigenschaft eines Nutzers, so dass der Nutzer von Beginn der Navigation durch die Website an alle hier festgelegten Bedingungen sowie deren sp\u00e4tere \u00c4nderungen akzeptiert, unbeschadet der Anwendung der entsprechenden gesetzlichen Bestimmungen, die gegebenenfalls einzuhalten sind. In Anbetracht der Relevanz des Vorstehenden wird dem Nutzer empfohlen, sie bei jedem Besuch der Website zu lesen. <\/span><\/p>\n<p><span style=\"font-weight: 400;\">Die Website von Canary Yacht Services bietet eine breite Palette von Informationen, Dienstleistungen und Daten. Der Nutzer \u00fcbernimmt die Verantwortung f\u00fcr die korrekte Nutzung der Website. Diese Verantwortung erstreckt sich auf:  <\/span><\/p>\n<ul>\n<li style=\"font-weight: 400;\" aria-level=\"1\"><span style=\"font-weight: 400;\">Eine Nutzung der von Canary Yacht Services angebotenen Informationen, Inhalte und\/oder Dienste und Daten, die nicht gegen die Bestimmungen der vorliegenden Bedingungen, das Gesetz, die guten Sitten oder die \u00f6ffentliche Ordnung verst\u00f6\u00dft, oder die in sonstiger Weise die Rechte Dritter oder den Betrieb der Website beeintr\u00e4chtigen k\u00f6nnte.<\/span><\/li>\n<li style=\"font-weight: 400;\" aria-level=\"1\"><span style=\"font-weight: 400;\">Die Richtigkeit und Rechtm\u00e4\u00dfigkeit der Informationen, die der Benutzer in den von Canary Yacht Services f\u00fcr den Zugang zu bestimmten Inhalten oder Diensten der Website bereitgestellten Formularen angibt. In jedem Fall muss der Benutzer Canary Yacht Services unverz\u00fcglich \u00fcber alle Umst\u00e4nde informieren, die eine missbr\u00e4uchliche Verwendung der in diesen Formularen eingetragenen Daten erm\u00f6glichen, wie z.B., aber nicht nur, Diebstahl, Verlust oder unbefugter Zugriff auf Identifizierungsmerkmale und\/oder Passw\u00f6rter, um deren sofortige L\u00f6schung zu veranlassen. <\/span><\/li>\n<\/ul>\n<p><span style=\"font-weight: 400;\">Canary Yacht Services beh\u00e4lt sich das Recht vor, alle Kommentare und Beitr\u00e4ge zu entfernen, die gegen das Gesetz, die Achtung der W\u00fcrde der Person versto\u00dfen, die diskriminierend, fremdenfeindlich, rassistisch, pornografisch, spammend sind, die Jugend oder das Kind, die Ordnung oder die \u00f6ffentliche Sicherheit bedrohen oder die seiner Meinung nach nicht zur Ver\u00f6ffentlichung geeignet sind.<\/span><\/p>\n<p><span style=\"font-weight: 400;\">In jedem Fall ist Canary Yacht Services nicht f\u00fcr die Meinungen verantwortlich, die von Nutzern in Kommentaren oder anderen Blogging- oder Partizipations-Tools ge\u00e4u\u00dfert werden, die es m\u00f6glicherweise gibt.<\/span><\/p>\n<p><span style=\"font-weight: 400;\">Der blo\u00dfe Zugriff auf diese Website impliziert keine Art von Gesch\u00e4ftsbeziehung zwischen Canary Yacht Services und dem Nutzer.<\/span><\/p>\n<p><span style=\"font-weight: 400;\">Der Nutzer erkl\u00e4rt, dass er vollj\u00e4hrig und ausreichend gesch\u00e4ftsf\u00e4hig ist, um an diese Bedingungen gebunden zu sein. Daher richtet sich diese Website von Canary Yacht Services nicht an Minderj\u00e4hrige. Canary Yacht Services lehnt jede Haftung f\u00fcr die Nichteinhaltung dieser Anforderung ab.  <\/span><\/p>\n<p><span style=\"font-weight: 400;\">In \u00dcbereinstimmung mit der geltenden Gesetzgebung richtet sich diese Website von Canary Yacht Services an alle Personen, unabh\u00e4ngig von ihrem Alter, die auf die Seiten der Website zugreifen und\/oder diese durchsuchen k\u00f6nnen.<\/span><\/p>\n<p><span style=\"font-weight: 400;\">Die Website richtet sich in erster Linie an Benutzer mit Wohnsitz in Spanien. Canary Yacht Services gibt keine Zusicherung, dass die Website ganz oder teilweise mit den Gesetzen anderer L\u00e4nder \u00fcbereinstimmt. Wenn der Nutzer seinen Wohnsitz oder Sitz in einem anderen Land hat und beschlie\u00dft, auf die Website zuzugreifen und\/oder sie zu durchst\u00f6bern, tut er dies auf eigenes Risiko und muss sicherstellen, dass dieser Zugriff und dieses Durchst\u00f6bern mit den vor Ort geltenden Gesetzen \u00fcbereinstimmen, und Canary Yacht Services \u00fcbernimmt keinerlei Haftung, die sich aus einem solchen Zugriff ergibt.  <\/span><\/p>\n<h3><b>III. ZUGANG UND NAVIGATION AUF DER WEBSITE: AUSSCHLUSS VON GARANTIEN UND HAFTUNG <\/b><\/h3>\n<p><span style=\"font-weight: 400;\">Canary Yacht Services \u00fcbernimmt keine Garantie f\u00fcr die Kontinuit\u00e4t, Verf\u00fcgbarkeit oder N\u00fctzlichkeit der Website, des Inhalts oder der Dienste. Canary Yacht Services unternimmt alle Anstrengungen, um das ordnungsgem\u00e4\u00dfe Funktionieren der Website zu gew\u00e4hrleisten. Canary Yacht Services gibt jedoch keine Zusicherung oder Garantie, dass der Zugang zu dieser Website ununterbrochen oder fehlerfrei sein wird. <\/span><\/p>\n<p><span style=\"font-weight: 400;\">Canary Yacht Services ist nicht daf\u00fcr verantwortlich und garantiert nicht, dass der Inhalt oder die Software, auf die \u00fcber diese Website zugegriffen werden kann, fehlerfrei ist oder Sch\u00e4den am Computersystem (Software und Hardware) des Benutzers verursacht. Canary Yacht Services haftet in keinem Fall f\u00fcr Verluste, Sch\u00e4den oder Beeintr\u00e4chtigungen jeglicher Art, die sich aus dem Zugriff auf die Website, dem Browsen und der Nutzung der Website ergeben, einschlie\u00dflich, aber nicht beschr\u00e4nkt auf Sch\u00e4den an Computersystemen oder durch die Einf\u00fchrung von Viren. <\/span><\/p>\n<p><span style=\"font-weight: 400;\">Canary Yacht Services ist auch nicht verantwortlich f\u00fcr Sch\u00e4den, die den Benutzern durch eine unangemessene Nutzung dieser Website entstehen k\u00f6nnten. Insbesondere ist Canary Yacht Services in keiner Weise f\u00fcr Ausf\u00e4lle, Unterbrechungen, fehlende oder defekte Telekommunikationsverbindungen verantwortlich, die auftreten k\u00f6nnen. <\/span><\/p>\n<h3><b>IV. VERKN\u00dcPFUNGSPOLITIK <\/b><\/h3>\n<p><span style=\"font-weight: 400;\">Es wird darauf hingewiesen, dass die Website von Canary Yacht Services den Nutzern Linkmittel (wie u.a. Links, Banner, Schaltfl\u00e4chen), Verzeichnisse und Suchmaschinen zur Verf\u00fcgung stellt oder stellen kann, die den Nutzern den Zugang zu Websites erm\u00f6glichen, die Dritten geh\u00f6ren und\/oder von diesen verwaltet werden.<\/span><\/p>\n<p><span style=\"font-weight: 400;\">Die Einrichtung dieser Links, Verzeichnisse und Suchmaschinen auf der Website soll den Nutzern die Suche nach und den Zugang zu den im Internet verf\u00fcgbaren Informationen erleichtern und darf nicht als Vorschlag, Empfehlung oder Aufforderung zum Besuch dieser Websites angesehen werden.<\/span><\/p>\n<p><span style=\"font-weight: 400;\">Canary Yacht Services bietet weder selbst noch \u00fcber Dritte die auf diesen verlinkten Websites verf\u00fcgbaren Produkte und\/oder Dienstleistungen an oder vermarktet sie.<\/span><\/p>\n<p><span style=\"font-weight: 400;\">Canary Yacht Services bietet gesponserte Inhalte, Werbung und\/oder Affiliate-Links an. Die Informationen, die in diesen Affiliate-Links oder den eingef\u00fcgten Anzeigen erscheinen, werden von den Inserenten selbst zur Verf\u00fcgung gestellt. Canary Yacht Services ist daher nicht verantwortlich f\u00fcr eventuelle Ungenauigkeiten oder Fehler, die die Anzeigen enthalten, und garantiert auch in keiner Weise die Kompetenz, Integrit\u00e4t oder Verantwortung der Inserenten oder die Qualit\u00e4t ihrer Produkte und\/oder Dienstleistungen. <\/span><\/p>\n<p><span style=\"font-weight: 400;\">Sie \u00fcbernimmt auch keine Garantie f\u00fcr die technische Verf\u00fcgbarkeit, Genauigkeit, Richtigkeit, G\u00fcltigkeit oder Rechtm\u00e4\u00dfigkeit von Websites, die nicht in ihrem Besitz sind und auf die Sie \u00fcber die Links zugreifen k\u00f6nnen.<\/span><\/p>\n<p><span style=\"font-weight: 400;\">Canary Yacht Services \u00fcberpr\u00fcft oder kontrolliert in keiner Weise den Inhalt anderer Websites und billigt, pr\u00fcft oder unterst\u00fctzt auch nicht die Produkte und Dienstleistungen, den Inhalt, die Dateien und alle anderen Materialien auf solchen verlinkten Websites.<\/span><\/p>\n<p><span style=\"font-weight: 400;\">Canary Yacht Services \u00fcbernimmt keine Haftung f\u00fcr Sch\u00e4den, die sich aus dem Zugang, der Nutzung, der Qualit\u00e4t oder der Rechtm\u00e4\u00dfigkeit des Inhalts, der Kommunikation, der Meinungen, der Produkte und Dienstleistungen von Websites ergeben, die nicht von Canary Yacht Services betrieben werden und die mit dieser Website verlinkt sind.<\/span><\/p>\n<p><span style=\"font-weight: 400;\">Der Nutzer oder Dritte, die einen Hyperlink von einer Webseite einer anderen Website auf die Canary Yacht Services-Website setzen, sollten sich dessen bewusst sein:<\/span><\/p>\n<p><span style=\"font-weight: 400;\">Ohne die ausdr\u00fcckliche Genehmigung von Canary Yacht Services ist es nicht gestattet, den Inhalt und\/oder die Dienste der Website ganz oder teilweise zu reproduzieren.<\/span><\/p>\n<p><span style=\"font-weight: 400;\">Es sind keine falschen, ungenauen oder inkorrekten Darstellungen \u00fcber die Canary Yacht Services-Website oder den Inhalt und\/oder die Dienste der Canary Yacht Services-Website zul\u00e4ssig.<\/span><\/p>\n<p><span style=\"font-weight: 400;\">Mit Ausnahme des Hyperlinks darf die Website, auf der der Hyperlink eingerichtet ist, keine Elemente dieser Website enthalten, die nach spanischem Recht als geistiges Eigentum gesch\u00fctzt sind, es sei denn, Canary Yacht Services hat dies ausdr\u00fccklich genehmigt.<\/span><\/p>\n<p><span style=\"font-weight: 400;\">Die Einrichtung des Hyperlinks impliziert weder das Bestehen einer Beziehung zwischen Canary Yacht Services und dem Eigent\u00fcmer der Website, von der er ausgeht, noch die Kenntnis und Akzeptanz der auf der besagten Website angebotenen Inhalte, Dienstleistungen und\/oder Aktivit\u00e4ten durch Canary Yacht Services und umgekehrt.<\/span><\/p>\n<h3><b>V. GEISTIGES UND GEWERBLICHES EIGENTUM<\/b><\/h3>\n<p><span style=\"font-weight: 400;\">Canary Yacht Services besitzt selbst oder als Rechtsnachfolger alle geistigen und gewerblichen Eigentumsrechte an der Website sowie an den darin enthaltenen Elementen (einschlie\u00dflich, aber nicht beschr\u00e4nkt auf Bilder, Ton, Audio, Video, Software oder Text, Marken oder Logos, Farbkombinationen, Struktur und Design, Auswahl der verwendeten Materialien, Computerprogramme, die f\u00fcr den Betrieb, den Zugang und die Nutzung der Website erforderlich sind, usw.). Es handelt sich also um Werke, die durch das spanische Rechtssystem als geistiges Eigentum gesch\u00fctzt sind, da auf sie sowohl die spanischen und gemeinschaftlichen Vorschriften in diesem Bereich als auch die von Spanien unterzeichneten internationalen Vertr\u00e4ge in diesem Bereich anwendbar sind. <\/span><\/p>\n<p><span style=\"font-weight: 400;\">Alle Rechte vorbehalten. Aufgrund der Bestimmungen des Gesetzes zum Schutz des geistigen Eigentums sind die Vervielf\u00e4ltigung, die Verbreitung und die \u00f6ffentliche Wiedergabe, einschlie\u00dflich der Zurverf\u00fcgungstellung, des gesamten oder eines Teils des Inhalts dieser Website zu kommerziellen Zwecken in jedem Medium und mit allen technischen Mitteln ohne die Genehmigung von Canary Yacht Services ausdr\u00fccklich verboten. <\/span><\/p>\n<p><span style=\"font-weight: 400;\">Der Nutzer verpflichtet sich, die geistigen und gewerblichen Eigentumsrechte von Canary Yacht Services zu respektieren. Sie d\u00fcrfen die Elemente der Website ansehen oder sogar ausdrucken, kopieren und auf der Festplatte Ihres Computers oder einem anderen physischen Medium speichern, sofern dies ausschlie\u00dflich zum pers\u00f6nlichen Gebrauch geschieht. Der Benutzer ist jedoch nicht in der Lage, Schutzvorrichtungen oder Sicherheitssysteme, die auf der Website installiert wurden, zu unterdr\u00fccken, zu ver\u00e4ndern oder zu manipulieren.  <\/span><\/p>\n<p><span style=\"font-weight: 400;\">F\u00fcr den Fall, dass der Nutzer oder ein Dritter der Ansicht ist, dass einer der Inhalte der Website eine Verletzung der Rechte zum Schutz des geistigen Eigentums darstellt, sollte er Canary Yacht Services unverz\u00fcglich \u00fcber die Kontaktdaten im Abschnitt ALLGEMEINE INFORMATIONEN dieser rechtlichen Hinweise und allgemeinen Nutzungsbedingungen informieren.<\/span><\/p>\n<h3><b>VI. GERICHTSVERFAHREN, ANWENDBARES RECHT UND GERICHTSBARKEIT <\/b><\/h3>\n<p><span style=\"font-weight: 400;\">Canary Yacht Services beh\u00e4lt sich das Recht vor, alle zivil- oder strafrechtlichen Schritte einzuleiten, die es f\u00fcr eine missbr\u00e4uchliche Nutzung der Website und des Inhalts oder f\u00fcr einen Versto\u00df gegen diese Allgemeinen Gesch\u00e4ftsbedingungen f\u00fcr notwendig erachtet.<\/span><\/p>\n<p><span style=\"font-weight: 400;\">Die Beziehung zwischen dem Nutzer und Canary Yacht Services unterliegt den geltenden und auf spanischem Gebiet anwendbaren Bestimmungen. Bei Streitigkeiten in Bezug auf die Auslegung und\/oder Anwendung dieser Allgemeinen Gesch\u00e4ftsbedingungen unterwerfen die Parteien ihre Streitigkeiten der ordentlichen Gerichtsbarkeit, d.h. den Richtern und Gerichten, die nach dem Gesetz zust\u00e4ndig sind. <\/span><\/p>\n<p><span style=\"font-weight: 400;\">Dieses Dokument der rechtlichen Hinweise und allgemeinen Nutzungsbedingungen der Website wurde mit Hilfe des Generators von<\/span><a href=\"https:\/\/textos-legales.edgartamarit.com\/\"> <span style=\"font-weight: 400;\">Vorlage f\u00fcr rechtliche Hinweise und Nutzungsbedingungen<\/span><\/a><span style=\"font-weight: 400;\"> online am 23\/12\/2024.<\/span><\/p>\n<h4>\n<\/h4>\n\t\t\t\t\t\t\t\t<\/div>\n\t\t\t\t<\/div>\n\t\t\t\t\t<\/div>\n\t\t<\/div>\n\t\t\t\t\t<\/div>\n\t\t<\/section>\n\t\t\t\t<\/div>\n\t\t","protected":false},"excerpt":{"rendered":"<p>Rechtliche Hinweise und allgemeine Nutzungsbedingungen www.canaryyachtservices.com I. ALLGEMEINE INFORMATIONEN Gem\u00e4\u00df der Informationspflicht, die im Gesetz 34\/2002 \u00fcber die Dienste der Informationsgesellschaft und den elektronischen Handel (LSSI-CE) vom 11. Juli festgelegt ist, finden Sie im Folgenden allgemeine Informationen zu dieser Website: Eigent\u00fcmer dieser Website, www.canaryyachtservices.com, (im Folgenden Website) ist: Jos\u00e9 Edward de Armas Tracy, mit NIF: [&hellip;]<\/p>\n","protected":false},"author":2,"featured_media":0,"parent":0,"menu_order":0,"comment_status":"closed","ping_status":"closed","template":"elementor_header_footer","meta":{"_joinchat":[],"footnotes":""},"class_list":["post-1219","page","type-page","status-publish","hentry"],"_links":{"self":[{"href":"https:\/\/canaryyachtservices.com\/de\/wp-json\/wp\/v2\/pages\/1219","targetHints":{"allow":["GET"]}}],"collection":[{"href":"https:\/\/canaryyachtservices.com\/de\/wp-json\/wp\/v2\/pages"}],"about":[{"href":"https:\/\/canaryyachtservices.com\/de\/wp-json\/wp\/v2\/types\/page"}],"author":[{"embeddable":true,"href":"https:\/\/canaryyachtservices.com\/de\/wp-json\/wp\/v2\/users\/2"}],"replies":[{"embeddable":true,"href":"https:\/\/canaryyachtservices.com\/de\/wp-json\/wp\/v2\/comments?post=1219"}],"version-history":[{"count":2,"href":"https:\/\/canaryyachtservices.com\/de\/wp-json\/wp\/v2\/pages\/1219\/revisions"}],"predecessor-version":[{"id":1878,"href":"https:\/\/canaryyachtservices.com\/de\/wp-json\/wp\/v2\/pages\/1219\/revisions\/1878"}],"wp:attachment":[{"href":"https:\/\/canaryyachtservices.com\/de\/wp-json\/wp\/v2\/media?parent=1219"}],"curies":[{"name":"wp","href":"https:\/\/api.w.org\/{rel}","templated":true}]}}