{"id":1215,"date":"2025-01-03T12:01:28","date_gmt":"2025-01-03T12:01:28","guid":{"rendered":"https:\/\/canaryyachtservices.com\/lernen-sie-uns-kennen\/"},"modified":"2025-01-23T11:09:38","modified_gmt":"2025-01-23T11:09:38","slug":"lernen-sie-uns-kennen","status":"publish","type":"page","link":"https:\/\/canaryyachtservices.com\/de\/lernen-sie-uns-kennen\/","title":{"rendered":"\u00dcBER UNS"},"content":{"rendered":"\t\t<div data-elementor-type=\"wp-page\" data-elementor-id=\"1215\" class=\"elementor elementor-1215\" data-elementor-post-type=\"page\">\n\t\t\t\t\t\t<section class=\"elementor-section elementor-top-section elementor-element elementor-element-2584c0ea elementor-section-boxed elementor-section-height-default elementor-section-height-default\" data-id=\"2584c0ea\" data-element_type=\"section\" data-e-type=\"section\" data-settings=\"{&quot;background_background&quot;:&quot;classic&quot;,&quot;background_motion_fx_motion_fx_scrolling&quot;:&quot;yes&quot;,&quot;background_motion_fx_translateY_effect&quot;:&quot;yes&quot;,&quot;background_motion_fx_translateY_direction&quot;:&quot;negative&quot;,&quot;background_motion_fx_translateY_speed&quot;:{&quot;unit&quot;:&quot;px&quot;,&quot;size&quot;:10,&quot;sizes&quot;:[]},&quot;background_motion_fx_translateY_affectedRange&quot;:{&quot;unit&quot;:&quot;%&quot;,&quot;size&quot;:&quot;&quot;,&quot;sizes&quot;:{&quot;start&quot;:0,&quot;end&quot;:100}},&quot;background_motion_fx_devices&quot;:[&quot;desktop&quot;,&quot;tablet&quot;,&quot;mobile&quot;]}\">\n\t\t\t\t\t\t\t<div class=\"elementor-background-overlay\"><\/div>\n\t\t\t\t\t\t\t<div class=\"elementor-container elementor-column-gap-default\">\n\t\t\t\t\t<div class=\"elementor-column elementor-col-100 elementor-top-column elementor-element elementor-element-494f154a\" data-id=\"494f154a\" data-element_type=\"column\" data-e-type=\"column\">\n\t\t\t<div class=\"elementor-widget-wrap elementor-element-populated\">\n\t\t\t\t\t\t<section class=\"elementor-section elementor-inner-section elementor-element elementor-element-15e40acc elementor-section-content-middle elementor-section-boxed elementor-section-height-default elementor-section-height-default\" data-id=\"15e40acc\" data-element_type=\"section\" data-e-type=\"section\">\n\t\t\t\t\t\t<div class=\"elementor-container elementor-column-gap-default\">\n\t\t\t\t\t<div class=\"elementor-column elementor-col-50 elementor-inner-column elementor-element elementor-element-6c88d828 elementor-invisible\" data-id=\"6c88d828\" data-element_type=\"column\" data-e-type=\"column\" data-settings=\"{&quot;animation&quot;:&quot;fadeInLeft&quot;}\">\n\t\t\t<div class=\"elementor-widget-wrap elementor-element-populated\">\n\t\t\t\t\t\t<div class=\"elementor-element elementor-element-33b9f510 elementor-widget elementor-widget-heading\" data-id=\"33b9f510\" data-element_type=\"widget\" data-e-type=\"widget\" data-widget_type=\"heading.default\">\n\t\t\t\t<div class=\"elementor-widget-container\">\n\t\t\t\t\t<div class=\"elementor-heading-title elementor-size-default\">\u00dcBER UNS<\/div>\t\t\t\t<\/div>\n\t\t\t\t<\/div>\n\t\t\t\t\t<\/div>\n\t\t<\/div>\n\t\t\t\t<div class=\"elementor-column elementor-col-50 elementor-inner-column elementor-element elementor-element-6a826c7 elementor-invisible\" data-id=\"6a826c7\" data-element_type=\"column\" data-e-type=\"column\" data-settings=\"{&quot;animation&quot;:&quot;fadeInRight&quot;}\">\n\t\t\t<div class=\"elementor-widget-wrap elementor-element-populated\">\n\t\t\t\t\t\t<div class=\"elementor-element elementor-element-43d9c0dc elementor-widget elementor-widget-heading\" data-id=\"43d9c0dc\" data-element_type=\"widget\" data-e-type=\"widget\" data-widget_type=\"heading.default\">\n\t\t\t\t<div class=\"elementor-widget-container\">\n\t\t\t\t\t<h2 class=\"elementor-heading-title elementor-size-default\">Leidenschaftlich f\u00fcr unsere Arbeit. <\/h2>\t\t\t\t<\/div>\n\t\t\t\t<\/div>\n\t\t\t\t\t<\/div>\n\t\t<\/div>\n\t\t\t\t\t<\/div>\n\t\t<\/section>\n\t\t\t\t\t<\/div>\n\t\t<\/div>\n\t\t\t\t\t<\/div>\n\t\t<\/section>\n\t\t\t\t<section class=\"elementor-section elementor-top-section elementor-element elementor-element-44327a2c elementor-section-content-middle elementor-reverse-mobile elementor-section-boxed elementor-section-height-default elementor-section-height-default\" data-id=\"44327a2c\" data-element_type=\"section\" data-e-type=\"section\" data-settings=\"{&quot;background_background&quot;:&quot;classic&quot;}\">\n\t\t\t\t\t\t<div class=\"elementor-container elementor-column-gap-default\">\n\t\t\t\t\t<div class=\"elementor-column elementor-col-50 elementor-top-column elementor-element elementor-element-f686302 elementor-invisible\" data-id=\"f686302\" data-element_type=\"column\" data-e-type=\"column\" data-settings=\"{&quot;animation&quot;:&quot;fadeInLeft&quot;}\">\n\t\t\t<div class=\"elementor-widget-wrap elementor-element-populated\">\n\t\t\t\t\t\t<div class=\"elementor-element elementor-element-1c5d0dd3 elementor-widget elementor-widget-image\" data-id=\"1c5d0dd3\" data-element_type=\"widget\" data-e-type=\"widget\" data-widget_type=\"image.default\">\n\t\t\t\t<div class=\"elementor-widget-container\">\n\t\t\t\t\t\t\t\t\t\t\t\t\t\t\t<img fetchpriority=\"high\" decoding=\"async\" width=\"1920\" height=\"2560\" src=\"https:\/\/canaryyachtservices.com\/wp-content\/uploads\/2025\/01\/barcos_imagen_destacada-scaled.jpg\" class=\"attachment-full size-full wp-image-1217\" alt=\"\" srcset=\"https:\/\/canaryyachtservices.com\/wp-content\/uploads\/2025\/01\/barcos_imagen_destacada-scaled.jpg 1920w, https:\/\/canaryyachtservices.com\/wp-content\/uploads\/2025\/01\/barcos_imagen_destacada-225x300.jpg 225w, https:\/\/canaryyachtservices.com\/wp-content\/uploads\/2025\/01\/barcos_imagen_destacada-768x1024.jpg 768w, https:\/\/canaryyachtservices.com\/wp-content\/uploads\/2025\/01\/barcos_imagen_destacada-1152x1536.jpg 1152w, https:\/\/canaryyachtservices.com\/wp-content\/uploads\/2025\/01\/barcos_imagen_destacada-1536x2048.jpg 1536w\" sizes=\"(max-width: 1920px) 100vw, 1920px\" \/>\t\t\t\t\t\t\t\t\t\t\t\t\t\t\t<\/div>\n\t\t\t\t<\/div>\n\t\t\t\t\t<\/div>\n\t\t<\/div>\n\t\t\t\t<div class=\"elementor-column elementor-col-50 elementor-top-column elementor-element elementor-element-54078057 elementor-invisible\" data-id=\"54078057\" data-element_type=\"column\" data-e-type=\"column\" data-settings=\"{&quot;animation&quot;:&quot;fadeInRight&quot;}\">\n\t\t\t<div class=\"elementor-widget-wrap elementor-element-populated\">\n\t\t\t\t\t\t<div class=\"elementor-element elementor-element-5afb9d5 elementor-widget elementor-widget-menu-anchor\" data-id=\"5afb9d5\" data-element_type=\"widget\" data-e-type=\"widget\" data-widget_type=\"menu-anchor.default\">\n\t\t\t\t<div class=\"elementor-widget-container\">\n\t\t\t\t\t\t\t<div class=\"elementor-menu-anchor\" id=\"mas\"><\/div>\n\t\t\t\t\t\t<\/div>\n\t\t\t\t<\/div>\n\t\t\t\t<div class=\"elementor-element elementor-element-2c0c10a5 elementor-widget elementor-widget-heading\" data-id=\"2c0c10a5\" data-element_type=\"widget\" data-e-type=\"widget\" data-widget_type=\"heading.default\">\n\t\t\t\t<div class=\"elementor-widget-container\">\n\t\t\t\t\t<h6 class=\"elementor-heading-title elementor-size-default\">CANARY YACHT SERVICES<\/h6>\t\t\t\t<\/div>\n\t\t\t\t<\/div>\n\t\t\t\t<div class=\"elementor-element elementor-element-8e139d6 elementor-widget elementor-widget-heading\" data-id=\"8e139d6\" data-element_type=\"widget\" data-e-type=\"widget\" data-widget_type=\"heading.default\">\n\t\t\t\t<div class=\"elementor-widget-container\">\n\t\t\t\t\t<h2 class=\"elementor-heading-title elementor-size-default\">Ist das Ergebnis langj\u00e4hriger Erfahrung als Crewmitglieder in der Yachtbranche.<\/h2>\t\t\t\t<\/div>\n\t\t\t\t<\/div>\n\t\t\t\t<div class=\"elementor-element elementor-element-8887fcf elementor-widget elementor-widget-text-editor\" data-id=\"8887fcf\" data-element_type=\"widget\" data-e-type=\"widget\" data-widget_type=\"text-editor.default\">\n\t\t\t\t<div class=\"elementor-widget-container\">\n\t\t\t\t\t\t\t\t\t<p><span style=\"font-weight: 400;\">Canary Yacht Services wurde nach vielen Jahren Erfahrung in der Yachtindustrie gegr\u00fcndet, in denen wir verschiedene Rollen vom Kapit\u00e4n \u00fcber Ingenieur bis hin zum Projektmanager innehatten. W\u00e4hrend die Zahl der gebauten Yachten exponentiell w\u00e4chst, h\u00e4lt die spezialisierte Handwerkskunst, die n\u00f6tig ist, um diese Yachten nach h\u00f6chsten Standards zu warten, nicht Schritt. Hier sahen wir die Gelegenheit, uns auf dem Markt zu positionieren. <\/span><\/p>\n<p><span style=\"font-weight: 400;\">Fast jede Yacht, die die Saison wechselt, macht auf unseren Inseln einen schnellen technischen Halt oder Vorratshalt. Als geb\u00fcrtige Kanarier haben wir ein starkes lokales Netzwerk entwickelt und pflegen direkten Kontakt zu unseren Kunden, was uns erm\u00f6glicht, die h\u00f6chsten Yacht-Qualit\u00e4tsstandards in k\u00fcrzester Zeit zu liefern. Dies hebt uns von Unternehmen auf dem Festland ab. Jede Yacht, die mit uns zusammenarbeitet, kommt in der folgenden Saison zur\u00fcck. <\/span><\/p>\n<p><span style=\"font-weight: 400;\">Im Laufe der Jahre in der Branche haben wir wertvolle Erfahrungen gesammelt und die Bed\u00fcrfnisse und Anforderungen von Yachten und deren Crews aus erster Hand kennengelernt. Wir sind vollst\u00e4ndig ausger\u00fcstet, um diesen Anforderungen gerecht zu werden. Durch die Entwicklung einer zuverl\u00e4ssigen Liefer- und Logistikkette k\u00f6nnen wir spezielle Ersatzteile beschaffen, die auf den Kanarischen Inseln m\u00f6glicherweise nicht sofort verf\u00fcgbar sind.  <\/span><\/p>\n<p><span style=\"font-weight: 400;\">Untersch\u00e4tzen Sie nicht das Potenzial der Kanarischen Inseln in Bezug auf qualifizierte Handwerkskunst, spezialisierte Materialien und Ersatzteile. Sie sind hier verf\u00fcgbar, und wir stellen sicher, dass sie Ihnen zur Verf\u00fcgung gestellt werden, damit Ihr Halt so effizient und angenehm wie m\u00f6glich ist.   <\/span><b>Canary Yacht Services<\/b><span style=\"font-weight: 400;\">wir reparieren und verwalten die Yachten nach den h\u00f6chsten Standards der Yachtindustrie.<\/span><\/p>\n\t\t\t\t\t\t\t\t<\/div>\n\t\t\t\t<\/div>\n\t\t\t\t\t<\/div>\n\t\t<\/div>\n\t\t\t\t\t<\/div>\n\t\t<\/section>\n\t\t\t\t<section class=\"elementor-section elementor-top-section elementor-element elementor-element-39f6a578 elementor-section-content-middle elementor-section-boxed elementor-section-height-default elementor-section-height-default\" data-id=\"39f6a578\" data-element_type=\"section\" data-e-type=\"section\" data-settings=\"{&quot;background_background&quot;:&quot;classic&quot;}\">\n\t\t\t\t\t\t\t<div class=\"elementor-background-overlay\"><\/div>\n\t\t\t\t\t\t\t<div class=\"elementor-container elementor-column-gap-default\">\n\t\t\t\t\t<div class=\"elementor-column elementor-col-50 elementor-top-column elementor-element elementor-element-33f64fa2\" data-id=\"33f64fa2\" data-element_type=\"column\" data-e-type=\"column\">\n\t\t\t<div class=\"elementor-widget-wrap elementor-element-populated\">\n\t\t\t\t\t\t<div class=\"elementor-element elementor-element-4a57461c elementor-invisible elementor-widget elementor-widget-heading\" data-id=\"4a57461c\" data-element_type=\"widget\" data-e-type=\"widget\" data-settings=\"{&quot;_animation&quot;:&quot;fadeIn&quot;,&quot;_animation_delay&quot;:200}\" data-widget_type=\"heading.default\">\n\t\t\t\t<div class=\"elementor-widget-container\">\n\t\t\t\t\t<h6 class=\"elementor-heading-title elementor-size-default\">WER SIND WIR?<\/h6>\t\t\t\t<\/div>\n\t\t\t\t<\/div>\n\t\t\t\t<div class=\"elementor-element elementor-element-48ff01b9 elementor-invisible elementor-widget elementor-widget-heading\" data-id=\"48ff01b9\" data-element_type=\"widget\" data-e-type=\"widget\" data-settings=\"{&quot;_animation&quot;:&quot;fadeIn&quot;,&quot;_animation_delay&quot;:300}\" data-widget_type=\"heading.default\">\n\t\t\t\t<div class=\"elementor-widget-container\">\n\t\t\t\t\t<h2 class=\"elementor-heading-title elementor-size-default\">Bei Canary Yacht Services sind wir mit Leidenschaft bei der Sache. <\/h2>\t\t\t\t<\/div>\n\t\t\t\t<\/div>\n\t\t\t\t<div class=\"elementor-element elementor-element-5307ffb9 elementor-invisible elementor-widget elementor-widget-text-editor\" data-id=\"5307ffb9\" data-element_type=\"widget\" data-e-type=\"widget\" data-settings=\"{&quot;_animation&quot;:&quot;fadeIn&quot;,&quot;_animation_delay&quot;:350}\" data-widget_type=\"text-editor.default\">\n\t\t\t\t<div class=\"elementor-widget-container\">\n\t\t\t\t\t\t\t\t\t<p><span style=\"font-weight: 400;\">Wir tun unser M\u00f6glichstes, um die Erwartungen der Eigner und Crews zu \u00fcbertreffen und sicherzustellen, dass sie den Atlantik in aller Seelenruhe \u00fcberqueren und jede Saison wieder mit uns arbeiten.<\/span><\/p>\t\t\t\t\t\t\t\t<\/div>\n\t\t\t\t<\/div>\n\t\t\t\t\t<\/div>\n\t\t<\/div>\n\t\t\t\t<div class=\"elementor-column elementor-col-50 elementor-top-column elementor-element elementor-element-3e2f7452\" data-id=\"3e2f7452\" data-element_type=\"column\" data-e-type=\"column\">\n\t\t\t<div class=\"elementor-widget-wrap elementor-element-populated\">\n\t\t\t\t\t\t<div class=\"elementor-element elementor-element-4c8203d animated-slow elementor-invisible elementor-widget elementor-widget-image\" data-id=\"4c8203d\" data-element_type=\"widget\" data-e-type=\"widget\" data-settings=\"{&quot;_animation&quot;:&quot;fadeInRight&quot;,&quot;_animation_delay&quot;:200}\" data-widget_type=\"image.default\">\n\t\t\t\t<div class=\"elementor-widget-container\">\n\t\t\t\t\t\t\t\t\t\t\t\t\t\t\t<img decoding=\"async\" width=\"1080\" height=\"650\" src=\"https:\/\/canaryyachtservices.com\/wp-content\/uploads\/2025\/01\/luxury_yacht1.png\" class=\"attachment-full size-full wp-image-29\" alt=\"\" srcset=\"https:\/\/canaryyachtservices.com\/wp-content\/uploads\/2025\/01\/luxury_yacht1.png 1080w, https:\/\/canaryyachtservices.com\/wp-content\/uploads\/2025\/01\/luxury_yacht1-300x181.png 300w, https:\/\/canaryyachtservices.com\/wp-content\/uploads\/2025\/01\/luxury_yacht1-1024x616.png 1024w, https:\/\/canaryyachtservices.com\/wp-content\/uploads\/2025\/01\/luxury_yacht1-768x462.png 768w\" sizes=\"(max-width: 1080px) 100vw, 1080px\" \/>\t\t\t\t\t\t\t\t\t\t\t\t\t\t\t<\/div>\n\t\t\t\t<\/div>\n\t\t\t\t\t<\/div>\n\t\t<\/div>\n\t\t\t\t\t<\/div>\n\t\t<\/section>\n\t\t\t\t<section class=\"elementor-section elementor-top-section elementor-element elementor-element-d69e085 elementor-section-boxed elementor-section-height-default elementor-section-height-default\" data-id=\"d69e085\" data-element_type=\"section\" data-e-type=\"section\" data-settings=\"{&quot;background_background&quot;:&quot;classic&quot;}\">\n\t\t\t\t\t\t\t<div class=\"elementor-background-overlay\"><\/div>\n\t\t\t\t\t\t\t<div class=\"elementor-container elementor-column-gap-default\">\n\t\t\t\t\t<div class=\"elementor-column elementor-col-100 elementor-top-column elementor-element elementor-element-79806164 elementor-invisible\" data-id=\"79806164\" data-element_type=\"column\" data-e-type=\"column\" data-settings=\"{&quot;animation&quot;:&quot;fadeInUp&quot;}\">\n\t\t\t<div class=\"elementor-widget-wrap elementor-element-populated\">\n\t\t\t\t\t\t<div class=\"elementor-element elementor-element-76bb6f77 elementor-widget elementor-widget-heading\" data-id=\"76bb6f77\" data-element_type=\"widget\" data-e-type=\"widget\" data-widget_type=\"heading.default\">\n\t\t\t\t<div class=\"elementor-widget-container\">\n\t\t\t\t\t<h2 class=\"elementor-heading-title elementor-size-default\">Ihr Partner f\u00fcr alle technischen und logistischen Angelegenheiten vor der \u00dcberquerung<\/h2>\t\t\t\t<\/div>\n\t\t\t\t<\/div>\n\t\t\t\t<div class=\"elementor-element elementor-element-1016abb6 elementor-align-justify elementor-widget__width-initial elementor-widget elementor-widget-button\" data-id=\"1016abb6\" data-element_type=\"widget\" data-e-type=\"widget\" data-widget_type=\"button.default\">\n\t\t\t\t<div class=\"elementor-widget-container\">\n\t\t\t\t\t\t\t\t\t<div class=\"elementor-button-wrapper\">\n\t\t\t\t\t<a class=\"elementor-button elementor-button-link elementor-size-md\" href=\"https:\/\/canaryyachtservices.com\/de\/kontakt\/\">\n\t\t\t\t\t\t<span class=\"elementor-button-content-wrapper\">\n\t\t\t\t\t\t\t\t\t<span class=\"elementor-button-text\">KONTAKT<\/span>\n\t\t\t\t\t<\/span>\n\t\t\t\t\t<\/a>\n\t\t\t\t<\/div>\n\t\t\t\t\t\t\t\t<\/div>\n\t\t\t\t<\/div>\n\t\t\t\t\t<\/div>\n\t\t<\/div>\n\t\t\t\t\t<\/div>\n\t\t<\/section>\n\t\t\t\t<\/div>\n\t\t","protected":false},"excerpt":{"rendered":"<p>Leidenschaftlich f\u00fcr unsere Arbeit. CANARY YACHT SERVICES Ist das Ergebnis langj\u00e4hriger Erfahrung als Crewmitglieder in der Yachtbranche. Canary Yacht Services wurde nach vielen Jahren Erfahrung in der Yachtindustrie gegr\u00fcndet, in denen wir verschiedene Rollen vom Kapit\u00e4n \u00fcber Ingenieur bis hin zum Projektmanager innehatten. W\u00e4hrend die Zahl der gebauten Yachten exponentiell w\u00e4chst, h\u00e4lt die spezialisierte Handwerkskunst, [&hellip;]<\/p>\n","protected":false},"author":2,"featured_media":0,"parent":0,"menu_order":0,"comment_status":"closed","ping_status":"closed","template":"elementor_header_footer","meta":{"_joinchat":[],"footnotes":""},"class_list":["post-1215","page","type-page","status-publish","hentry"],"_links":{"self":[{"href":"https:\/\/canaryyachtservices.com\/de\/wp-json\/wp\/v2\/pages\/1215","targetHints":{"allow":["GET"]}}],"collection":[{"href":"https:\/\/canaryyachtservices.com\/de\/wp-json\/wp\/v2\/pages"}],"about":[{"href":"https:\/\/canaryyachtservices.com\/de\/wp-json\/wp\/v2\/types\/page"}],"author":[{"embeddable":true,"href":"https:\/\/canaryyachtservices.com\/de\/wp-json\/wp\/v2\/users\/2"}],"replies":[{"embeddable":true,"href":"https:\/\/canaryyachtservices.com\/de\/wp-json\/wp\/v2\/comments?post=1215"}],"version-history":[{"count":14,"href":"https:\/\/canaryyachtservices.com\/de\/wp-json\/wp\/v2\/pages\/1215\/revisions"}],"predecessor-version":[{"id":2017,"href":"https:\/\/canaryyachtservices.com\/de\/wp-json\/wp\/v2\/pages\/1215\/revisions\/2017"}],"wp:attachment":[{"href":"https:\/\/canaryyachtservices.com\/de\/wp-json\/wp\/v2\/media?parent=1215"}],"curies":[{"name":"wp","href":"https:\/\/api.w.org\/{rel}","templated":true}]}}